{"id":36122,"date":"2024-12-03T14:58:40","date_gmt":"2024-12-03T14:58:40","guid":{"rendered":"https:\/\/padelcreations.com\/product\/padel-court-mod-panoramic-basic\/"},"modified":"2025-10-13T07:10:36","modified_gmt":"2025-10-13T05:10:36","slug":"padel-court-mod-panoramic-pro","status":"publish","type":"product","link":"https:\/\/www.padelcreations.com\/de\/product\/padel-court-mod-panoramic-pro\/","title":{"rendered":"Mod. PANORAMIC PRO"},"content":{"rendered":"\t\t<div data-elementor-type=\"section\" data-elementor-id=\"34565\" class=\"elementor elementor-34565\" data-elementor-post-type=\"elementor_library\">\n\t\t\t<div data-particle_enable=\"false\" data-particle-mobile-disabled=\"false\" class=\"elementor-element elementor-element-6d9eb2f e-flex e-con-boxed e-con e-parent\" data-id=\"6d9eb2f\" data-element_type=\"container\" data-e-type=\"container\">\n\t\t\t\t\t<div class=\"e-con-inner\">\n\t\t\t\t<div class=\"elementor-element elementor-element-3d56447 elementor-widget elementor-widget-gallery\" data-id=\"3d56447\" data-element_type=\"widget\" data-e-type=\"widget\" data-settings=\"{&quot;content_sequenced_animation&quot;:&quot;yes&quot;,&quot;gallery_layout&quot;:&quot;grid&quot;,&quot;columns&quot;:4,&quot;columns_tablet&quot;:2,&quot;columns_mobile&quot;:1,&quot;gap&quot;:{&quot;unit&quot;:&quot;px&quot;,&quot;size&quot;:10,&quot;sizes&quot;:[]},&quot;gap_tablet&quot;:{&quot;unit&quot;:&quot;px&quot;,&quot;size&quot;:10,&quot;sizes&quot;:[]},&quot;gap_mobile&quot;:{&quot;unit&quot;:&quot;px&quot;,&quot;size&quot;:10,&quot;sizes&quot;:[]},&quot;link_to&quot;:&quot;file&quot;,&quot;aspect_ratio&quot;:&quot;3:2&quot;,&quot;overlay_background&quot;:&quot;yes&quot;,&quot;content_hover_animation&quot;:&quot;fade-in&quot;}\" data-widget_type=\"gallery.default\">\n\t\t\t\t<div class=\"elementor-widget-container\">\n\t\t\t\t\t\t\t<div class=\"elementor-gallery__container\">\n\t\t\t\t\t\t\t<a class=\"e-gallery-item elementor-gallery-item elementor-animated-content\" href=\"https:\/\/www.padelcreations.com\/wp-content\/uploads\/2025\/02\/PanoramicBasicWuppertal.png\" data-elementor-open-lightbox=\"yes\" data-elementor-lightbox-slideshow=\"3d56447\" data-e-action-hash=\"#elementor-action%3Aaction%3Dlightbox%26settings%3DeyJpZCI6Mzg1MTIsInVybCI6Imh0dHBzOlwvXC93d3cucGFkZWxjcmVhdGlvbnMuY29tXC93cC1jb250ZW50XC91cGxvYWRzXC8yMDI1XC8wMlwvUGFub3JhbWljQmFzaWNXdXBwZXJ0YWwucG5nIiwic2xpZGVzaG93IjoiM2Q1NjQ0NyJ9\">\n\t\t\t\t\t<div class=\"e-gallery-image elementor-gallery-item__image\" data-thumbnail=\"https:\/\/www.padelcreations.com\/wp-content\/uploads\/2025\/02\/PanoramicBasicWuppertal.png\" data-width=\"943\" data-height=\"724\" aria-label=\"Indoor padel court featuring a blue playing surface and surrounding glass walls.\" role=\"img\" ><\/div>\n\t\t\t\t\t\t\t\t\t\t\t<div class=\"elementor-gallery-item__overlay\"><\/div>\n\t\t\t\t\t\t\t\t\t\t\t\t\t\t<\/a>\n\t\t\t\t\t\t\t<a class=\"e-gallery-item elementor-gallery-item elementor-animated-content\" href=\"https:\/\/www.padelcreations.com\/wp-content\/uploads\/2025\/02\/PanoramicBasicWuppertal2.png\" data-elementor-open-lightbox=\"yes\" data-elementor-lightbox-slideshow=\"3d56447\" data-e-action-hash=\"#elementor-action%3Aaction%3Dlightbox%26settings%3DeyJpZCI6Mzg1MTUsInVybCI6Imh0dHBzOlwvXC93d3cucGFkZWxjcmVhdGlvbnMuY29tXC93cC1jb250ZW50XC91cGxvYWRzXC8yMDI1XC8wMlwvUGFub3JhbWljQmFzaWNXdXBwZXJ0YWwyLnBuZyIsInNsaWRlc2hvdyI6IjNkNTY0NDcifQ%3D%3D\">\n\t\t\t\t\t<div class=\"e-gallery-image elementor-gallery-item__image\" data-thumbnail=\"https:\/\/www.padelcreations.com\/wp-content\/uploads\/2025\/02\/PanoramicBasicWuppertal2.png\" data-width=\"771\" data-height=\"551\" aria-label=\"Two players engaged in a game on an indoor padel court with blue flooring and glass walls.\" role=\"img\" ><\/div>\n\t\t\t\t\t\t\t\t\t\t\t<div class=\"elementor-gallery-item__overlay\"><\/div>\n\t\t\t\t\t\t\t\t\t\t\t\t\t\t<\/a>\n\t\t\t\t\t\t\t<a class=\"e-gallery-item elementor-gallery-item elementor-animated-content\" href=\"https:\/\/www.padelcreations.com\/wp-content\/uploads\/2024\/12\/Padel-Valley-Wuppertal-1.png\" data-elementor-open-lightbox=\"yes\" data-elementor-lightbox-slideshow=\"3d56447\" data-e-action-hash=\"#elementor-action%3Aaction%3Dlightbox%26settings%3DeyJpZCI6MzQ1NjgsInVybCI6Imh0dHBzOlwvXC93d3cucGFkZWxjcmVhdGlvbnMuY29tXC93cC1jb250ZW50XC91cGxvYWRzXC8yMDI0XC8xMlwvUGFkZWwtVmFsbGV5LVd1cHBlcnRhbC0xLnBuZyIsInNsaWRlc2hvdyI6IjNkNTY0NDcifQ%3D%3D\">\n\t\t\t\t\t<div class=\"e-gallery-image elementor-gallery-item__image\" data-thumbnail=\"https:\/\/www.padelcreations.com\/wp-content\/uploads\/2024\/12\/Padel-Valley-Wuppertal-1.png\" data-width=\"1141\" data-height=\"1163\" aria-label=\"Blue padel court with a net and Padel Valley branding in Wuppertal.\" role=\"img\" ><\/div>\n\t\t\t\t\t\t\t\t\t\t\t<div class=\"elementor-gallery-item__overlay\"><\/div>\n\t\t\t\t\t\t\t\t\t\t\t\t\t\t<\/a>\n\t\t\t\t\t\t\t<a class=\"e-gallery-item elementor-gallery-item elementor-animated-content\" href=\"https:\/\/www.padelcreations.com\/wp-content\/uploads\/2024\/12\/Padel-Valley-Wuppertal-2.png\" data-elementor-open-lightbox=\"yes\" data-elementor-lightbox-slideshow=\"3d56447\" data-e-action-hash=\"#elementor-action%3Aaction%3Dlightbox%26settings%3DeyJpZCI6MzQ1NzAsInVybCI6Imh0dHBzOlwvXC93d3cucGFkZWxjcmVhdGlvbnMuY29tXC93cC1jb250ZW50XC91cGxvYWRzXC8yMDI0XC8xMlwvUGFkZWwtVmFsbGV5LVd1cHBlcnRhbC0yLnBuZyIsInNsaWRlc2hvdyI6IjNkNTY0NDcifQ%3D%3D\">\n\t\t\t\t\t<div class=\"e-gallery-image elementor-gallery-item__image\" data-thumbnail=\"https:\/\/www.padelcreations.com\/wp-content\/uploads\/2024\/12\/Padel-Valley-Wuppertal-2.png\" data-width=\"931\" data-height=\"1062\" aria-label=\"Indoor padel court featuring a blue playing surface and surrounding fencing.\" role=\"img\" ><\/div>\n\t\t\t\t\t\t\t\t\t\t\t<div class=\"elementor-gallery-item__overlay\"><\/div>\n\t\t\t\t\t\t\t\t\t\t\t\t\t\t<\/a>\n\t\t\t\t\t\t\t<a class=\"e-gallery-item elementor-gallery-item elementor-animated-content\" href=\"https:\/\/www.padelcreations.com\/wp-content\/uploads\/2025\/10\/3D-Mod.-PANORAMIC_PRO_2026-1.png\" data-elementor-open-lightbox=\"yes\" data-elementor-lightbox-slideshow=\"3d56447\" data-e-action-hash=\"#elementor-action%3Aaction%3Dlightbox%26settings%3DeyJpZCI6NDA3MDQsInVybCI6Imh0dHBzOlwvXC93d3cucGFkZWxjcmVhdGlvbnMuY29tXC93cC1jb250ZW50XC91cGxvYWRzXC8yMDI1XC8xMFwvM0QtTW9kLi1QQU5PUkFNSUNfUFJPXzIwMjYtMS5wbmciLCJzbGlkZXNob3ciOiIzZDU2NDQ3In0%3D\">\n\t\t\t\t\t<div class=\"e-gallery-image elementor-gallery-item__image\" data-thumbnail=\"https:\/\/www.padelcreations.com\/wp-content\/uploads\/2025\/10\/3D-Mod.-PANORAMIC_PRO_2026-1.png\" data-width=\"960\" data-height=\"549\" aria-label=\"Interior view of an indoor padel court featuring blue courts and seating areas.\" role=\"img\" ><\/div>\n\t\t\t\t\t\t\t\t\t\t\t<div class=\"elementor-gallery-item__overlay\"><\/div>\n\t\t\t\t\t\t\t\t\t\t\t\t\t\t<\/a>\n\t\t\t\t\t\t\t<a class=\"e-gallery-item elementor-gallery-item elementor-animated-content\" href=\"https:\/\/www.padelcreations.com\/wp-content\/uploads\/2025\/10\/3D-Mod.-PANORAMIC_PRO_2026-2.png\" data-elementor-open-lightbox=\"yes\" data-elementor-lightbox-slideshow=\"3d56447\" data-e-action-hash=\"#elementor-action%3Aaction%3Dlightbox%26settings%3DeyJpZCI6NDA3MDYsInVybCI6Imh0dHBzOlwvXC93d3cucGFkZWxjcmVhdGlvbnMuY29tXC93cC1jb250ZW50XC91cGxvYWRzXC8yMDI1XC8xMFwvM0QtTW9kLi1QQU5PUkFNSUNfUFJPXzIwMjYtMi5wbmciLCJzbGlkZXNob3ciOiIzZDU2NDQ3In0%3D\">\n\t\t\t\t\t<div class=\"e-gallery-image elementor-gallery-item__image\" data-thumbnail=\"https:\/\/www.padelcreations.com\/wp-content\/uploads\/2025\/10\/3D-Mod.-PANORAMIC_PRO_2026-2.png\" data-width=\"960\" data-height=\"549\" aria-label=\"3D rendering of multiple PANORAMIC PRO padel courts with blue surfaces and surrounding seating areas.\" role=\"img\" ><\/div>\n\t\t\t\t\t\t\t\t\t\t\t<div class=\"elementor-gallery-item__overlay\"><\/div>\n\t\t\t\t\t\t\t\t\t\t\t\t\t\t<\/a>\n\t\t\t\t\t\t\t<a class=\"e-gallery-item elementor-gallery-item elementor-animated-content\" href=\"https:\/\/www.padelcreations.com\/wp-content\/uploads\/2025\/10\/3D-Mod.-PANORAMIC_PRO_2026-3.png\" data-elementor-open-lightbox=\"yes\" data-elementor-lightbox-slideshow=\"3d56447\" data-e-action-hash=\"#elementor-action%3Aaction%3Dlightbox%26settings%3DeyJpZCI6NDA3MDgsInVybCI6Imh0dHBzOlwvXC93d3cucGFkZWxjcmVhdGlvbnMuY29tXC93cC1jb250ZW50XC91cGxvYWRzXC8yMDI1XC8xMFwvM0QtTW9kLi1QQU5PUkFNSUNfUFJPXzIwMjYtMy5wbmciLCJzbGlkZXNob3ciOiIzZDU2NDQ3In0%3D\">\n\t\t\t\t\t<div class=\"e-gallery-image elementor-gallery-item__image\" data-thumbnail=\"https:\/\/www.padelcreations.com\/wp-content\/uploads\/2025\/10\/3D-Mod.-PANORAMIC_PRO_2026-3.png\" data-width=\"960\" data-height=\"549\" aria-label=\"Interior view of an indoor padel court facility with players and seating areas.\" role=\"img\" ><\/div>\n\t\t\t\t\t\t\t\t\t\t\t<div class=\"elementor-gallery-item__overlay\"><\/div>\n\t\t\t\t\t\t\t\t\t\t\t\t\t\t<\/a>\n\t\t\t\t\t\t\t<a class=\"e-gallery-item elementor-gallery-item elementor-animated-content\" href=\"https:\/\/www.padelcreations.com\/wp-content\/uploads\/2025\/10\/3D-Mod.-PANORAMIC_PRO_2026-4.png\" data-elementor-open-lightbox=\"yes\" data-elementor-lightbox-slideshow=\"3d56447\" data-e-action-hash=\"#elementor-action%3Aaction%3Dlightbox%26settings%3DeyJpZCI6NDA3MTAsInVybCI6Imh0dHBzOlwvXC93d3cucGFkZWxjcmVhdGlvbnMuY29tXC93cC1jb250ZW50XC91cGxvYWRzXC8yMDI1XC8xMFwvM0QtTW9kLi1QQU5PUkFNSUNfUFJPXzIwMjYtNC5wbmciLCJzbGlkZXNob3ciOiIzZDU2NDQ3In0%3D\">\n\t\t\t\t\t<div class=\"e-gallery-image elementor-gallery-item__image\" data-thumbnail=\"https:\/\/www.padelcreations.com\/wp-content\/uploads\/2025\/10\/3D-Mod.-PANORAMIC_PRO_2026-4.png\" data-width=\"960\" data-height=\"549\" aria-label=\"Interior view of multiple indoor padel courts designed by Padel Creations with players in action.\" role=\"img\" ><\/div>\n\t\t\t\t\t\t\t\t\t\t\t<div class=\"elementor-gallery-item__overlay\"><\/div>\n\t\t\t\t\t\t\t\t\t\t\t\t\t\t<\/a>\n\t\t\t\t\t\t\t<a class=\"e-gallery-item elementor-gallery-item elementor-animated-content\" href=\"https:\/\/www.padelcreations.com\/wp-content\/uploads\/2025\/10\/3D-Mod.-PANORAMIC_PRO_2026-5.png\" data-elementor-open-lightbox=\"yes\" data-elementor-lightbox-slideshow=\"3d56447\" data-e-action-hash=\"#elementor-action%3Aaction%3Dlightbox%26settings%3DeyJpZCI6NDA3MTIsInVybCI6Imh0dHBzOlwvXC93d3cucGFkZWxjcmVhdGlvbnMuY29tXC93cC1jb250ZW50XC91cGxvYWRzXC8yMDI1XC8xMFwvM0QtTW9kLi1QQU5PUkFNSUNfUFJPXzIwMjYtNS5wbmciLCJzbGlkZXNob3ciOiIzZDU2NDQ3In0%3D\">\n\t\t\t\t\t<div class=\"e-gallery-image elementor-gallery-item__image\" data-thumbnail=\"https:\/\/www.padelcreations.com\/wp-content\/uploads\/2025\/10\/3D-Mod.-PANORAMIC_PRO_2026-5.png\" data-width=\"960\" data-height=\"549\" aria-label=\"3D rendering of multiple PANORAMIC PRO padel courts with players in action.\" role=\"img\" ><\/div>\n\t\t\t\t\t\t\t\t\t\t\t<div class=\"elementor-gallery-item__overlay\"><\/div>\n\t\t\t\t\t\t\t\t\t\t\t\t\t\t<\/a>\n\t\t\t\t\t\t\t<a class=\"e-gallery-item elementor-gallery-item elementor-animated-content\" href=\"https:\/\/www.padelcreations.com\/wp-content\/uploads\/2025\/10\/3D-Mod.-PANORAMIC_PRO_2026-6.png\" data-elementor-open-lightbox=\"yes\" data-elementor-lightbox-slideshow=\"3d56447\" data-e-action-hash=\"#elementor-action%3Aaction%3Dlightbox%26settings%3DeyJpZCI6NDA3MTQsInVybCI6Imh0dHBzOlwvXC93d3cucGFkZWxjcmVhdGlvbnMuY29tXC93cC1jb250ZW50XC91cGxvYWRzXC8yMDI1XC8xMFwvM0QtTW9kLi1QQU5PUkFNSUNfUFJPXzIwMjYtNi5wbmciLCJzbGlkZXNob3ciOiIzZDU2NDQ3In0%3D\">\n\t\t\t\t\t<div class=\"e-gallery-image elementor-gallery-item__image\" data-thumbnail=\"https:\/\/www.padelcreations.com\/wp-content\/uploads\/2025\/10\/3D-Mod.-PANORAMIC_PRO_2026-6.png\" data-width=\"960\" data-height=\"549\" aria-label=\"3D model displaying multiple padel courts designed by Padelcreations with players in action.\" role=\"img\" ><\/div>\n\t\t\t\t\t\t\t\t\t\t\t<div class=\"elementor-gallery-item__overlay\"><\/div>\n\t\t\t\t\t\t\t\t\t\t\t\t\t\t<\/a>\n\t\t\t\t\t\t\t<a class=\"e-gallery-item elementor-gallery-item elementor-animated-content\" href=\"https:\/\/www.padelcreations.com\/wp-content\/uploads\/2025\/10\/3D-Mod.-PANORAMIC_PRO_2026-7.png\" data-elementor-open-lightbox=\"yes\" data-elementor-lightbox-slideshow=\"3d56447\" data-e-action-hash=\"#elementor-action%3Aaction%3Dlightbox%26settings%3DeyJpZCI6NDA3MTYsInVybCI6Imh0dHBzOlwvXC93d3cucGFkZWxjcmVhdGlvbnMuY29tXC93cC1jb250ZW50XC91cGxvYWRzXC8yMDI1XC8xMFwvM0QtTW9kLi1QQU5PUkFNSUNfUFJPXzIwMjYtNy5wbmciLCJzbGlkZXNob3ciOiIzZDU2NDQ3In0%3D\">\n\t\t\t\t\t<div class=\"e-gallery-image elementor-gallery-item__image\" data-thumbnail=\"https:\/\/www.padelcreations.com\/wp-content\/uploads\/2025\/10\/3D-Mod.-PANORAMIC_PRO_2026-7.png\" data-width=\"960\" data-height=\"549\" aria-label=\"3D model representation of multiple padel courts with players in action and seating areas.\" role=\"img\" ><\/div>\n\t\t\t\t\t\t\t\t\t\t\t<div class=\"elementor-gallery-item__overlay\"><\/div>\n\t\t\t\t\t\t\t\t\t\t\t\t\t\t<\/a>\n\t\t\t\t\t\t\t<a class=\"e-gallery-item elementor-gallery-item elementor-animated-content\" href=\"https:\/\/www.padelcreations.com\/wp-content\/uploads\/2025\/10\/3D-Mod.-PANORAMIC_PRO_2026-8.png\" data-elementor-open-lightbox=\"yes\" data-elementor-lightbox-slideshow=\"3d56447\" data-e-action-hash=\"#elementor-action%3Aaction%3Dlightbox%26settings%3DeyJpZCI6NDA3MTgsInVybCI6Imh0dHBzOlwvXC93d3cucGFkZWxjcmVhdGlvbnMuY29tXC93cC1jb250ZW50XC91cGxvYWRzXC8yMDI1XC8xMFwvM0QtTW9kLi1QQU5PUkFNSUNfUFJPXzIwMjYtOC5wbmciLCJzbGlkZXNob3ciOiIzZDU2NDQ3In0%3D\">\n\t\t\t\t\t<div class=\"e-gallery-image elementor-gallery-item__image\" data-thumbnail=\"https:\/\/www.padelcreations.com\/wp-content\/uploads\/2025\/10\/3D-Mod.-PANORAMIC_PRO_2026-8.png\" data-width=\"960\" data-height=\"549\" aria-label=\"Interior view of an indoor padel court featuring multiple courts and seating areas.\" role=\"img\" ><\/div>\n\t\t\t\t\t\t\t\t\t\t\t<div class=\"elementor-gallery-item__overlay\"><\/div>\n\t\t\t\t\t\t\t\t\t\t\t\t\t\t<\/a>\n\t\t\t\t\t<\/div>\n\t\t\t\t\t<\/div>\n\t\t\t\t<\/div>\n\t\t\t\t\t<\/div>\n\t\t\t\t<\/div>\n\t\t\t\t<\/div>\n\t\t\n<h3>Panoramic Padelplatz \u2013 Design trifft Stabilit\u00e4t<\/h3>\n<p>Der <strong>Panoramic Padelplatz<\/strong> vereint <strong>modernes Design mit hoher Widerstandsf\u00e4higkeit.<\/strong><br \/>\nDie rahmenlosen Glasr\u00fcckw\u00e4nde schaffen eine beeindruckende 360\u00b0-Sicht auf das Spiel und sorgen f\u00fcr ein offenes, elegantes Erscheinungsbild, das Spieler und Zuschauer gleicherma\u00dfen begeistert.<br \/>\n<strong>Dank der Eckpfeiler <\/strong>verf\u00fcgt das Modell \u00fcber eine hervorragende strukturelle Stabilit\u00e4t und ist damit ideal f\u00fcr <strong>kommerziell genutzte Anlagen und Premium-Indoor-Clubs<\/strong>, die ein modernes Erscheinungsbild w\u00fcnschen,<br \/>\nohne auf Langlebigkeit zu verzichten.<\/p>\n<p>Eine perfekte Kombination aus <strong>\u00c4sthetik, Stabilit\u00e4t und langfristiger Zuverl\u00e4ssigkeit<\/strong> \u2014 selbstverst\u00e4ndlich vollst\u00e4ndig <strong>FIP-konform<\/strong>.<\/p>\n","protected":false},"excerpt":{"rendered":"<p><strong>DIE PANORAMIC PRO L\u00d6SUNG<\/strong><\/p>\n<p><span style=\"font-weight: 400;\">Heben Sie das Spiel auf ein neues Niveau mit unserem Panorama-Padel-Court, entwickelt f\u00fcr ein erstklassiges Spiel- und Zuschauererlebnis. Mit einem schlanken Design, verst\u00e4rkten S\u00e4ulen und breiten Glaspaneelen verbindet er Langlebigkeit mit einer modernen \u00c4sthetik, die jede Sportanlage aufwertet. <\/span><\/p>\n<p><span style=\"font-weight: 400;\">Ideal f\u00fcr Inneninstallationen, ist er sowohl f\u00fcr den gewerblichen als auch f\u00fcr den privaten Gebrauch geeignet.<\/span><span style=\"font-weight: 400;\"><br \/>\n<\/span><span style=\"font-weight: 400;\">Er kann auch im Freien installiert werden, jedoch nur in stark windgesch\u00fctzten Bereichen, um Leistung und Langlebigkeit zu gew\u00e4hrleisten.<\/span><\/p>\n<ul>\n<li>CE-Zertifizierung gem\u00e4\u00df CE-Verordnung Nr. 305\/2011 der EN1090-1<\/li>\n<li>Konstruiert nach den offiziellen Ma\u00dfen, die von der International Padel Federation spezifiziert wurden.<\/li>\n<\/ul>\n<p>Ideal f\u00fcr <strong>Indoor-Tennisclubs<\/strong>, die ihr Angebot um Padel erweitern m\u00f6chten, sowie f\u00fcr eigenst\u00e4ndige Padel-Courts. Diese L\u00f6sung bietet eine <strong>kosteneffektive<\/strong> M\u00f6glichkeit, Padel einzuf\u00fchren und spricht ein breiteres Publikum an, w\u00e4hrend sie innerhalb der Budgetgrenzen bleibt.<\/p>\n<p><strong>Drei (3) Padel-Courts<\/strong> passen in einen LKW oder 40-Fu\u00df-OT-Container, was die Logistikkosten reduziert und den Transport optimiert.<\/p>\n","protected":false},"featured_media":40649,"template":"","meta":{"_monsterinsights_skip_tracking":false,"_monsterinsights_sitenote_active":false,"_monsterinsights_sitenote_note":"","_monsterinsights_sitenote_category":0},"product_brand":[],"product_cat":[127],"product_tag":[],"class_list":{"0":"post-36122","1":"product","2":"type-product","3":"status-publish","4":"has-post-thumbnail","6":"product_cat-panoramic-de","8":"first","9":"instock","10":"shipping-taxable","11":"product-type-simple"},"aioseo_notices":[],"_links":{"self":[{"href":"https:\/\/www.padelcreations.com\/de\/wp-json\/wp\/v2\/product\/36122","targetHints":{"allow":["GET"]}}],"collection":[{"href":"https:\/\/www.padelcreations.com\/de\/wp-json\/wp\/v2\/product"}],"about":[{"href":"https:\/\/www.padelcreations.com\/de\/wp-json\/wp\/v2\/types\/product"}],"wp:featuredmedia":[{"embeddable":true,"href":"https:\/\/www.padelcreations.com\/de\/wp-json\/wp\/v2\/media\/40649"}],"wp:attachment":[{"href":"https:\/\/www.padelcreations.com\/de\/wp-json\/wp\/v2\/media?parent=36122"}],"wp:term":[{"taxonomy":"product_brand","embeddable":true,"href":"https:\/\/www.padelcreations.com\/de\/wp-json\/wp\/v2\/product_brand?post=36122"},{"taxonomy":"product_cat","embeddable":true,"href":"https:\/\/www.padelcreations.com\/de\/wp-json\/wp\/v2\/product_cat?post=36122"},{"taxonomy":"product_tag","embeddable":true,"href":"https:\/\/www.padelcreations.com\/de\/wp-json\/wp\/v2\/product_tag?post=36122"}],"curies":[{"name":"wp","href":"https:\/\/api.w.org\/{rel}","templated":true}]}}