{"id":36117,"date":"2024-12-03T14:58:40","date_gmt":"2024-12-03T14:58:40","guid":{"rendered":"https:\/\/padelcreations.com\/product\/padel-court-mod-basic\/"},"modified":"2025-10-06T06:02:55","modified_gmt":"2025-10-06T04:02:55","slug":"padel-court-mod-basic","status":"publish","type":"product","link":"https:\/\/www.padelcreations.com\/de\/product\/padel-court-mod-basic\/","title":{"rendered":"Mod. BASIC"},"content":{"rendered":"\t\t<div data-elementor-type=\"section\" data-elementor-id=\"34560\" class=\"elementor elementor-34560\" data-elementor-post-type=\"elementor_library\">\n\t\t\t<div data-particle_enable=\"false\" data-particle-mobile-disabled=\"false\" class=\"elementor-element elementor-element-4be095e e-flex e-con-boxed e-con e-parent\" data-id=\"4be095e\" data-element_type=\"container\" data-e-type=\"container\">\n\t\t\t\t\t<div class=\"e-con-inner\">\n\t\t\t\t<div class=\"elementor-element elementor-element-1b38133 elementor-widget elementor-widget-gallery\" data-id=\"1b38133\" data-element_type=\"widget\" data-e-type=\"widget\" data-settings=\"{&quot;motion_fx_motion_fx_scrolling&quot;:&quot;yes&quot;,&quot;lazyload&quot;:&quot;yes&quot;,&quot;gallery_layout&quot;:&quot;grid&quot;,&quot;columns&quot;:4,&quot;columns_tablet&quot;:2,&quot;columns_mobile&quot;:1,&quot;gap&quot;:{&quot;unit&quot;:&quot;px&quot;,&quot;size&quot;:10,&quot;sizes&quot;:[]},&quot;gap_tablet&quot;:{&quot;unit&quot;:&quot;px&quot;,&quot;size&quot;:10,&quot;sizes&quot;:[]},&quot;gap_mobile&quot;:{&quot;unit&quot;:&quot;px&quot;,&quot;size&quot;:10,&quot;sizes&quot;:[]},&quot;link_to&quot;:&quot;file&quot;,&quot;aspect_ratio&quot;:&quot;3:2&quot;,&quot;overlay_background&quot;:&quot;yes&quot;,&quot;motion_fx_devices&quot;:[&quot;desktop&quot;,&quot;tablet&quot;,&quot;mobile&quot;]}\" data-widget_type=\"gallery.default\">\n\t\t\t\t<div class=\"elementor-widget-container\">\n\t\t\t\t\t\t\t<div class=\"elementor-gallery__container\">\n\t\t\t\t\t\t\t<a class=\"e-gallery-item elementor-gallery-item\" href=\"https:\/\/www.padelcreations.com\/wp-content\/uploads\/2025\/11\/Padelmotion-Holdorf-Padelcreations-1-scaled.jpeg\" data-elementor-open-lightbox=\"yes\" data-elementor-lightbox-slideshow=\"1b38133\" data-e-action-hash=\"#elementor-action%3Aaction%3Dlightbox%26settings%3DeyJpZCI6NDEwNjcsInVybCI6Imh0dHBzOlwvXC93d3cucGFkZWxjcmVhdGlvbnMuY29tXC93cC1jb250ZW50XC91cGxvYWRzXC8yMDI1XC8xMVwvUGFkZWxtb3Rpb24tSG9sZG9yZi1QYWRlbGNyZWF0aW9ucy0xLXNjYWxlZC5qcGVnIiwic2xpZGVzaG93IjoiMWIzODEzMyJ9\">\n\t\t\t\t\t<div class=\"e-gallery-image elementor-gallery-item__image\" data-thumbnail=\"https:\/\/www.padelcreations.com\/wp-content\/uploads\/2025\/11\/Padelmotion-Holdorf-Padelcreations-1-scaled.jpeg\" data-width=\"1803\" data-height=\"2048\" aria-label=\"Indoor padel court featuring blue flooring and players engaged in a match.\" role=\"img\" ><\/div>\n\t\t\t\t\t\t\t\t\t\t\t<div class=\"elementor-gallery-item__overlay\"><\/div>\n\t\t\t\t\t\t\t\t\t\t\t\t\t\t<\/a>\n\t\t\t\t\t\t\t<a class=\"e-gallery-item elementor-gallery-item\" href=\"https:\/\/www.padelcreations.com\/wp-content\/uploads\/2025\/11\/Padelmotion-Holdorf-Padelcreations-2.jpeg\" data-elementor-open-lightbox=\"yes\" data-elementor-lightbox-slideshow=\"1b38133\" data-e-action-hash=\"#elementor-action%3Aaction%3Dlightbox%26settings%3DeyJpZCI6NDEwNjksInVybCI6Imh0dHBzOlwvXC93d3cucGFkZWxjcmVhdGlvbnMuY29tXC93cC1jb250ZW50XC91cGxvYWRzXC8yMDI1XC8xMVwvUGFkZWxtb3Rpb24tSG9sZG9yZi1QYWRlbGNyZWF0aW9ucy0yLmpwZWciLCJzbGlkZXNob3ciOiIxYjM4MTMzIn0%3D\">\n\t\t\t\t\t<div class=\"e-gallery-image elementor-gallery-item__image\" data-thumbnail=\"https:\/\/www.padelcreations.com\/wp-content\/uploads\/2025\/11\/Padelmotion-Holdorf-Padelcreations-2.jpeg\" data-width=\"1485\" data-height=\"1980\" aria-label=\"Interior view of multiple padel courts with glass walls and numbered sections.\" role=\"img\" ><\/div>\n\t\t\t\t\t\t\t\t\t\t\t<div class=\"elementor-gallery-item__overlay\"><\/div>\n\t\t\t\t\t\t\t\t\t\t\t\t\t\t<\/a>\n\t\t\t\t\t\t\t<a class=\"e-gallery-item elementor-gallery-item\" href=\"https:\/\/www.padelcreations.com\/wp-content\/uploads\/2025\/04\/Bilgin-Darmstadt.jpg\" data-elementor-open-lightbox=\"yes\" data-elementor-lightbox-slideshow=\"1b38133\" data-e-action-hash=\"#elementor-action%3Aaction%3Dlightbox%26settings%3DeyJpZCI6Mzg5OTksInVybCI6Imh0dHBzOlwvXC93d3cucGFkZWxjcmVhdGlvbnMuY29tXC93cC1jb250ZW50XC91cGxvYWRzXC8yMDI1XC8wNFwvQmlsZ2luLURhcm1zdGFkdC5qcGciLCJzbGlkZXNob3ciOiIxYjM4MTMzIn0%3D\">\n\t\t\t\t\t<div class=\"e-gallery-image elementor-gallery-item__image\" data-thumbnail=\"https:\/\/www.padelcreations.com\/wp-content\/uploads\/2025\/04\/Bilgin-Darmstadt.jpg\" data-width=\"1920\" data-height=\"1080\" aria-label=\"Indoor padel court featuring blue flooring and a fenced playing area with players in action.\" role=\"img\" ><\/div>\n\t\t\t\t\t\t\t\t\t\t\t<div class=\"elementor-gallery-item__overlay\"><\/div>\n\t\t\t\t\t\t\t\t\t\t\t\t\t\t<\/a>\n\t\t\t\t\t\t\t<a class=\"e-gallery-item elementor-gallery-item\" href=\"https:\/\/www.padelcreations.com\/wp-content\/uploads\/2024\/10\/Padelzone-Ireland-1.jpg\" data-elementor-open-lightbox=\"yes\" data-elementor-lightbox-slideshow=\"1b38133\" data-e-action-hash=\"#elementor-action%3Aaction%3Dlightbox%26settings%3DeyJpZCI6MTMwLCJ1cmwiOiJodHRwczpcL1wvd3d3LnBhZGVsY3JlYXRpb25zLmNvbVwvd3AtY29udGVudFwvdXBsb2Fkc1wvMjAyNFwvMTBcL1BhZGVsem9uZS1JcmVsYW5kLTEuanBnIiwic2xpZGVzaG93IjoiMWIzODEzMyJ9\">\n\t\t\t\t\t<div class=\"e-gallery-image elementor-gallery-item__image\" data-thumbnail=\"https:\/\/www.padelcreations.com\/wp-content\/uploads\/2024\/10\/Padelzone-Ireland-1.jpg\" data-width=\"1024\" data-height=\"768\" aria-label=\"Indoor padel court featuring a blue playing surface and enclosed by black fencing.\" role=\"img\" ><\/div>\n\t\t\t\t\t\t\t\t\t\t\t<div class=\"elementor-gallery-item__overlay\"><\/div>\n\t\t\t\t\t\t\t\t\t\t\t\t\t\t<\/a>\n\t\t\t\t\t\t\t<a class=\"e-gallery-item elementor-gallery-item\" href=\"https:\/\/www.padelcreations.com\/wp-content\/uploads\/2024\/12\/Fotos-instalacion-Padelwerk-Klingnau-1.jpg\" data-elementor-open-lightbox=\"yes\" data-elementor-lightbox-slideshow=\"1b38133\" data-e-action-hash=\"#elementor-action%3Aaction%3Dlightbox%26settings%3DeyJpZCI6MzQ1NTUsInVybCI6Imh0dHBzOlwvXC93d3cucGFkZWxjcmVhdGlvbnMuY29tXC93cC1jb250ZW50XC91cGxvYWRzXC8yMDI0XC8xMlwvRm90b3MtaW5zdGFsYWNpb24tUGFkZWx3ZXJrLUtsaW5nbmF1LTEuanBnIiwic2xpZGVzaG93IjoiMWIzODEzMyJ9\">\n\t\t\t\t\t<div class=\"e-gallery-image elementor-gallery-item__image\" data-thumbnail=\"https:\/\/www.padelcreations.com\/wp-content\/uploads\/2024\/12\/Fotos-instalacion-Padelwerk-Klingnau-1.jpg\" data-width=\"900\" data-height=\"1600\" aria-label=\"Interior view of a padel court installation showing glass walls and blue playing surface.\" role=\"img\" ><\/div>\n\t\t\t\t\t\t\t\t\t\t\t<div class=\"elementor-gallery-item__overlay\"><\/div>\n\t\t\t\t\t\t\t\t\t\t\t\t\t\t<\/a>\n\t\t\t\t\t\t\t<a class=\"e-gallery-item elementor-gallery-item\" href=\"https:\/\/www.padelcreations.com\/wp-content\/uploads\/2024\/10\/7ad58970-05ae-4cad-9a1c-21b30d6fef90.jpg\" data-elementor-open-lightbox=\"yes\" data-elementor-lightbox-slideshow=\"1b38133\" data-e-action-hash=\"#elementor-action%3Aaction%3Dlightbox%26settings%3DeyJpZCI6MTAwLCJ1cmwiOiJodHRwczpcL1wvd3d3LnBhZGVsY3JlYXRpb25zLmNvbVwvd3AtY29udGVudFwvdXBsb2Fkc1wvMjAyNFwvMTBcLzdhZDU4OTcwLTA1YWUtNGNhZC05YTFjLTIxYjMwZDZmZWY5MC5qcGciLCJzbGlkZXNob3ciOiIxYjM4MTMzIn0%3D\">\n\t\t\t\t\t<div class=\"e-gallery-image elementor-gallery-item__image\" data-thumbnail=\"https:\/\/www.padelcreations.com\/wp-content\/uploads\/2024\/10\/7ad58970-05ae-4cad-9a1c-21b30d6fef90.jpg\" data-width=\"768\" data-height=\"1024\" aria-label=\"Indoor padel court featuring a blue playing surface and a large white canopy overhead.\" role=\"img\" ><\/div>\n\t\t\t\t\t\t\t\t\t\t\t<div class=\"elementor-gallery-item__overlay\"><\/div>\n\t\t\t\t\t\t\t\t\t\t\t\t\t\t<\/a>\n\t\t\t\t\t\t\t<a class=\"e-gallery-item elementor-gallery-item\" href=\"https:\/\/www.padelcreations.com\/wp-content\/uploads\/2024\/10\/Padelzone-Ireland-6.jpg\" data-elementor-open-lightbox=\"yes\" data-elementor-lightbox-slideshow=\"1b38133\" data-e-action-hash=\"#elementor-action%3Aaction%3Dlightbox%26settings%3DeyJpZCI6ODksInVybCI6Imh0dHBzOlwvXC93d3cucGFkZWxjcmVhdGlvbnMuY29tXC93cC1jb250ZW50XC91cGxvYWRzXC8yMDI0XC8xMFwvUGFkZWx6b25lLUlyZWxhbmQtNi5qcGciLCJzbGlkZXNob3ciOiIxYjM4MTMzIn0%3D\">\n\t\t\t\t\t<div class=\"e-gallery-image elementor-gallery-item__image\" data-thumbnail=\"https:\/\/www.padelcreations.com\/wp-content\/uploads\/2024\/10\/Padelzone-Ireland-6.jpg\" data-width=\"768\" data-height=\"1024\" aria-label=\"Interior view of a padel court featuring green turf and glass walls with yellow poles.\" role=\"img\" ><\/div>\n\t\t\t\t\t\t\t\t\t\t\t<div class=\"elementor-gallery-item__overlay\"><\/div>\n\t\t\t\t\t\t\t\t\t\t\t\t\t\t<\/a>\n\t\t\t\t\t\t\t<a class=\"e-gallery-item elementor-gallery-item\" href=\"https:\/\/www.padelcreations.com\/wp-content\/uploads\/2024\/10\/Padelzone-Ireland-4.jpg\" data-elementor-open-lightbox=\"yes\" data-elementor-lightbox-slideshow=\"1b38133\" data-e-action-hash=\"#elementor-action%3Aaction%3Dlightbox%26settings%3DeyJpZCI6NzksInVybCI6Imh0dHBzOlwvXC93d3cucGFkZWxjcmVhdGlvbnMuY29tXC93cC1jb250ZW50XC91cGxvYWRzXC8yMDI0XC8xMFwvUGFkZWx6b25lLUlyZWxhbmQtNC5qcGciLCJzbGlkZXNob3ciOiIxYjM4MTMzIn0%3D\">\n\t\t\t\t\t<div class=\"e-gallery-image elementor-gallery-item__image\" data-thumbnail=\"https:\/\/www.padelcreations.com\/wp-content\/uploads\/2024\/10\/Padelzone-Ireland-4.jpg\" data-width=\"813\" data-height=\"621\" aria-label=\"Two players engaged in a game on an indoor padel court with blue flooring and netting.\" role=\"img\" ><\/div>\n\t\t\t\t\t\t\t\t\t\t\t<div class=\"elementor-gallery-item__overlay\"><\/div>\n\t\t\t\t\t\t\t\t\t\t\t\t\t\t<\/a>\n\t\t\t\t\t\t\t<a class=\"e-gallery-item elementor-gallery-item\" href=\"https:\/\/www.padelcreations.com\/wp-content\/uploads\/2024\/10\/Fotos-instalacion-Padelwerk-Klingnau-2.jpg\" data-elementor-open-lightbox=\"yes\" data-elementor-lightbox-slideshow=\"1b38133\" data-e-action-hash=\"#elementor-action%3Aaction%3Dlightbox%26settings%3DeyJpZCI6MTIxLCJ1cmwiOiJodHRwczpcL1wvd3d3LnBhZGVsY3JlYXRpb25zLmNvbVwvd3AtY29udGVudFwvdXBsb2Fkc1wvMjAyNFwvMTBcL0ZvdG9zLWluc3RhbGFjaW9uLVBhZGVsd2Vyay1LbGluZ25hdS0yLmpwZyIsInNsaWRlc2hvdyI6IjFiMzgxMzMifQ%3D%3D\">\n\t\t\t\t\t<div class=\"e-gallery-image elementor-gallery-item__image\" data-thumbnail=\"https:\/\/www.padelcreations.com\/wp-content\/uploads\/2024\/10\/Fotos-instalacion-Padelwerk-Klingnau-2.jpg\" data-width=\"900\" data-height=\"1600\" aria-label=\"View of multiple indoor padel courts with blue surfaces and black fencing.\" role=\"img\" ><\/div>\n\t\t\t\t\t\t\t\t\t\t\t<div class=\"elementor-gallery-item__overlay\"><\/div>\n\t\t\t\t\t\t\t\t\t\t\t\t\t\t<\/a>\n\t\t\t\t\t\t\t<a class=\"e-gallery-item elementor-gallery-item\" href=\"https:\/\/www.padelcreations.com\/wp-content\/uploads\/2025\/11\/Padelmotion-Holdorf-Padelcreations-4.jpeg\" data-elementor-open-lightbox=\"yes\" data-elementor-lightbox-slideshow=\"1b38133\" data-e-action-hash=\"#elementor-action%3Aaction%3Dlightbox%26settings%3DeyJpZCI6NDEwNzMsInVybCI6Imh0dHBzOlwvXC93d3cucGFkZWxjcmVhdGlvbnMuY29tXC93cC1jb250ZW50XC91cGxvYWRzXC8yMDI1XC8xMVwvUGFkZWxtb3Rpb24tSG9sZG9yZi1QYWRlbGNyZWF0aW9ucy00LmpwZWciLCJzbGlkZXNob3ciOiIxYjM4MTMzIn0%3D\">\n\t\t\t\t\t<div class=\"e-gallery-image elementor-gallery-item__image\" data-thumbnail=\"https:\/\/www.padelcreations.com\/wp-content\/uploads\/2025\/11\/Padelmotion-Holdorf-Padelcreations-4.jpeg\" data-width=\"1485\" data-height=\"1980\" aria-label=\"Indoor seating area with black couches and a blue padel court visible in the background.\" role=\"img\" ><\/div>\n\t\t\t\t\t\t\t\t\t\t\t<div class=\"elementor-gallery-item__overlay\"><\/div>\n\t\t\t\t\t\t\t\t\t\t\t\t\t\t<\/a>\n\t\t\t\t\t\t\t<a class=\"e-gallery-item elementor-gallery-item\" href=\"https:\/\/www.padelcreations.com\/wp-content\/uploads\/2025\/11\/Padelmotion-Holdorf-Padelcreations-3.jpeg\" data-elementor-open-lightbox=\"yes\" data-elementor-lightbox-slideshow=\"1b38133\" data-e-action-hash=\"#elementor-action%3Aaction%3Dlightbox%26settings%3DeyJpZCI6NDEwNzEsInVybCI6Imh0dHBzOlwvXC93d3cucGFkZWxjcmVhdGlvbnMuY29tXC93cC1jb250ZW50XC91cGxvYWRzXC8yMDI1XC8xMVwvUGFkZWxtb3Rpb24tSG9sZG9yZi1QYWRlbGNyZWF0aW9ucy0zLmpwZWciLCJzbGlkZXNob3ciOiIxYjM4MTMzIn0%3D\">\n\t\t\t\t\t<div class=\"e-gallery-image elementor-gallery-item__image\" data-thumbnail=\"https:\/\/www.padelcreations.com\/wp-content\/uploads\/2025\/11\/Padelmotion-Holdorf-Padelcreations-3.jpeg\" data-width=\"1485\" data-height=\"1980\" aria-label=\"Indoor padel court featuring blue flooring and glass walls with players in action.\" role=\"img\" ><\/div>\n\t\t\t\t\t\t\t\t\t\t\t<div class=\"elementor-gallery-item__overlay\"><\/div>\n\t\t\t\t\t\t\t\t\t\t\t\t\t\t<\/a>\n\t\t\t\t\t\t\t<a class=\"e-gallery-item elementor-gallery-item\" href=\"https:\/\/www.padelcreations.com\/wp-content\/uploads\/2024\/12\/Padelcreations-Mod.-BASIC-6-scaled.jpg\" data-elementor-open-lightbox=\"yes\" data-elementor-lightbox-slideshow=\"1b38133\" data-e-action-hash=\"#elementor-action%3Aaction%3Dlightbox%26settings%3DeyJpZCI6MzQ1NTcsInVybCI6Imh0dHBzOlwvXC93d3cucGFkZWxjcmVhdGlvbnMuY29tXC93cC1jb250ZW50XC91cGxvYWRzXC8yMDI0XC8xMlwvUGFkZWxjcmVhdGlvbnMtTW9kLi1CQVNJQy02LXNjYWxlZC5qcGciLCJzbGlkZXNob3ciOiIxYjM4MTMzIn0%3D\">\n\t\t\t\t\t<div class=\"e-gallery-image elementor-gallery-item__image\" data-thumbnail=\"https:\/\/www.padelcreations.com\/wp-content\/uploads\/2024\/12\/Padelcreations-Mod.-BASIC-6-scaled.jpg\" data-width=\"2560\" data-height=\"1925\" aria-label=\"Interior view of a padel court facility with players and seating area.\" role=\"img\" ><\/div>\n\t\t\t\t\t\t\t\t\t\t\t<div class=\"elementor-gallery-item__overlay\"><\/div>\n\t\t\t\t\t\t\t\t\t\t\t\t\t\t<\/a>\n\t\t\t\t\t<\/div>\n\t\t\t\t\t<\/div>\n\t\t\t\t<\/div>\n\t\t\t\t\t<\/div>\n\t\t\t\t<\/div>\n\t\t\t\t<\/div>\n\t\t\n\t\t<div data-elementor-type=\"section\" data-elementor-id=\"34574\" class=\"elementor elementor-34574\" data-elementor-post-type=\"elementor_library\">\n\t\t\t<div data-particle_enable=\"false\" data-particle-mobile-disabled=\"false\" class=\"elementor-element elementor-element-35e2c41 e-flex e-con-boxed e-con e-parent\" data-id=\"35e2c41\" data-element_type=\"container\" data-e-type=\"container\">\n\t\t\t\t\t<div class=\"e-con-inner\">\n\t\t\t\t<div class=\"elementor-element elementor-element-190e03d elementor-widget elementor-widget-gallery\" data-id=\"190e03d\" data-element_type=\"widget\" data-e-type=\"widget\" data-settings=\"{&quot;content_sequenced_animation&quot;:&quot;yes&quot;,&quot;gallery_layout&quot;:&quot;grid&quot;,&quot;columns&quot;:4,&quot;columns_tablet&quot;:2,&quot;columns_mobile&quot;:1,&quot;gap&quot;:{&quot;unit&quot;:&quot;px&quot;,&quot;size&quot;:10,&quot;sizes&quot;:[]},&quot;gap_tablet&quot;:{&quot;unit&quot;:&quot;px&quot;,&quot;size&quot;:10,&quot;sizes&quot;:[]},&quot;gap_mobile&quot;:{&quot;unit&quot;:&quot;px&quot;,&quot;size&quot;:10,&quot;sizes&quot;:[]},&quot;link_to&quot;:&quot;file&quot;,&quot;aspect_ratio&quot;:&quot;3:2&quot;,&quot;overlay_background&quot;:&quot;yes&quot;,&quot;content_hover_animation&quot;:&quot;fade-in&quot;}\" data-widget_type=\"gallery.default\">\n\t\t\t\t<div class=\"elementor-widget-container\">\n\t\t\t\t\t\t\t<div class=\"elementor-gallery__container\">\n\t\t\t\t\t\t\t<a class=\"e-gallery-item elementor-gallery-item elementor-animated-content\" href=\"https:\/\/www.padelcreations.com\/wp-content\/uploads\/2024\/10\/Yakin-Arena-Schweiz-4.jpg\" data-elementor-open-lightbox=\"yes\" data-elementor-lightbox-slideshow=\"190e03d\" data-e-action-hash=\"#elementor-action%3Aaction%3Dlightbox%26settings%3DeyJpZCI6ODgsInVybCI6Imh0dHBzOlwvXC93d3cucGFkZWxjcmVhdGlvbnMuY29tXC93cC1jb250ZW50XC91cGxvYWRzXC8yMDI0XC8xMFwvWWFraW4tQXJlbmEtU2Nod2Vpei00LmpwZyIsInNsaWRlc2hvdyI6IjE5MGUwM2QifQ%3D%3D\">\n\t\t\t\t\t<div class=\"e-gallery-image elementor-gallery-item__image\" data-thumbnail=\"https:\/\/www.padelcreations.com\/wp-content\/uploads\/2024\/10\/Yakin-Arena-Schweiz-4.jpg\" data-width=\"1209\" data-height=\"907\" aria-label=\"Indoor padel court featuring a blue playing surface and a seating area with tables and chairs.\" role=\"img\" ><\/div>\n\t\t\t\t\t\t\t\t\t\t\t<div class=\"elementor-gallery-item__overlay\"><\/div>\n\t\t\t\t\t\t\t\t\t\t\t\t\t\t<\/a>\n\t\t\t\t\t\t\t<a class=\"e-gallery-item elementor-gallery-item elementor-animated-content\" href=\"https:\/\/www.padelcreations.com\/wp-content\/uploads\/2024\/10\/Yakin-Arena-Schweiz-3.jpg\" data-elementor-open-lightbox=\"yes\" data-elementor-lightbox-slideshow=\"190e03d\" data-e-action-hash=\"#elementor-action%3Aaction%3Dlightbox%26settings%3DeyJpZCI6ODYsInVybCI6Imh0dHBzOlwvXC93d3cucGFkZWxjcmVhdGlvbnMuY29tXC93cC1jb250ZW50XC91cGxvYWRzXC8yMDI0XC8xMFwvWWFraW4tQXJlbmEtU2Nod2Vpei0zLmpwZyIsInNsaWRlc2hvdyI6IjE5MGUwM2QifQ%3D%3D\">\n\t\t\t\t\t<div class=\"e-gallery-image elementor-gallery-item__image\" data-thumbnail=\"https:\/\/www.padelcreations.com\/wp-content\/uploads\/2024\/10\/Yakin-Arena-Schweiz-3.jpg\" data-width=\"1209\" data-height=\"907\" aria-label=\"Indoor padel court featuring artificial turf and multiple courts visible in the background.\" role=\"img\" ><\/div>\n\t\t\t\t\t\t\t\t\t\t\t<div class=\"elementor-gallery-item__overlay\"><\/div>\n\t\t\t\t\t\t\t\t\t\t\t\t\t\t<\/a>\n\t\t\t\t\t\t\t<a class=\"e-gallery-item elementor-gallery-item elementor-animated-content\" href=\"https:\/\/www.padelcreations.com\/wp-content\/uploads\/2024\/10\/Yakin-Arena-Schweiz-2.jpg\" data-elementor-open-lightbox=\"yes\" data-elementor-lightbox-slideshow=\"190e03d\" data-e-action-hash=\"#elementor-action%3Aaction%3Dlightbox%26settings%3DeyJpZCI6ODEsInVybCI6Imh0dHBzOlwvXC93d3cucGFkZWxjcmVhdGlvbnMuY29tXC93cC1jb250ZW50XC91cGxvYWRzXC8yMDI0XC8xMFwvWWFraW4tQXJlbmEtU2Nod2Vpei0yLmpwZyIsInNsaWRlc2hvdyI6IjE5MGUwM2QifQ%3D%3D\">\n\t\t\t\t\t<div class=\"e-gallery-image elementor-gallery-item__image\" data-thumbnail=\"https:\/\/www.padelcreations.com\/wp-content\/uploads\/2024\/10\/Yakin-Arena-Schweiz-2.jpg\" data-width=\"1200\" data-height=\"900\" aria-label=\"Interior view of a padel court with fencing and overhead structures.\" role=\"img\" ><\/div>\n\t\t\t\t\t\t\t\t\t\t\t<div class=\"elementor-gallery-item__overlay\"><\/div>\n\t\t\t\t\t\t\t\t\t\t\t\t\t\t<\/a>\n\t\t\t\t\t\t\t<a class=\"e-gallery-item elementor-gallery-item elementor-animated-content\" href=\"https:\/\/www.padelcreations.com\/wp-content\/uploads\/2024\/10\/Yakin-Arena-Schweiz-1-e1728457689372.jpg\" data-elementor-open-lightbox=\"yes\" data-elementor-lightbox-slideshow=\"190e03d\" data-e-action-hash=\"#elementor-action%3Aaction%3Dlightbox%26settings%3DeyJpZCI6NzQsInVybCI6Imh0dHBzOlwvXC93d3cucGFkZWxjcmVhdGlvbnMuY29tXC93cC1jb250ZW50XC91cGxvYWRzXC8yMDI0XC8xMFwvWWFraW4tQXJlbmEtU2Nod2Vpei0xLWUxNzI4NDU3Njg5MzcyLmpwZyIsInNsaWRlc2hvdyI6IjE5MGUwM2QifQ%3D%3D\">\n\t\t\t\t\t<div class=\"e-gallery-image elementor-gallery-item__image\" data-thumbnail=\"https:\/\/www.padelcreations.com\/wp-content\/uploads\/2024\/10\/Yakin-Arena-Schweiz-1-e1728457689372.jpg\" data-width=\"900\" data-height=\"675\" aria-label=\"Interior view of a padel court facility featuring blue courts and benches.\" role=\"img\" ><\/div>\n\t\t\t\t\t\t\t\t\t\t\t<div class=\"elementor-gallery-item__overlay\"><\/div>\n\t\t\t\t\t\t\t\t\t\t\t\t\t\t<\/a>\n\t\t\t\t\t\t\t<a class=\"e-gallery-item elementor-gallery-item elementor-animated-content\" href=\"https:\/\/www.padelcreations.com\/wp-content\/uploads\/2022\/07\/padel-bei-padel-bros-beider-padelcreations.jpg\" data-elementor-open-lightbox=\"yes\" data-elementor-lightbox-slideshow=\"190e03d\" data-e-action-hash=\"#elementor-action%3Aaction%3Dlightbox%26settings%3DeyJpZCI6MTkzMjQsInVybCI6Imh0dHBzOlwvXC93d3cucGFkZWxjcmVhdGlvbnMuY29tXC93cC1jb250ZW50XC91cGxvYWRzXC8yMDIyXC8wN1wvcGFkZWwtYmVpLXBhZGVsLWJyb3MtYmVpZGVyLXBhZGVsY3JlYXRpb25zLmpwZyIsInNsaWRlc2hvdyI6IjE5MGUwM2QifQ%3D%3D\">\n\t\t\t\t\t<div class=\"e-gallery-image elementor-gallery-item__image\" data-thumbnail=\"https:\/\/www.padelcreations.com\/wp-content\/uploads\/2022\/07\/padel-bei-padel-bros-beider-padelcreations.jpg\" data-width=\"1440\" data-height=\"1080\" aria-label=\"View of an indoor padel court with artificial grass and surrounding fencing.\" role=\"img\" ><\/div>\n\t\t\t\t\t\t\t\t\t\t\t<div class=\"elementor-gallery-item__overlay\"><\/div>\n\t\t\t\t\t\t\t\t\t\t\t\t\t\t<\/a>\n\t\t\t\t\t\t\t<a class=\"e-gallery-item elementor-gallery-item elementor-animated-content\" href=\"https:\/\/www.padelcreations.com\/wp-content\/uploads\/2024\/10\/Shape-Sports-Club-1.jpg\" data-elementor-open-lightbox=\"yes\" data-elementor-lightbox-slideshow=\"190e03d\" data-e-action-hash=\"#elementor-action%3Aaction%3Dlightbox%26settings%3DeyJpZCI6ODcsInVybCI6Imh0dHBzOlwvXC93d3cucGFkZWxjcmVhdGlvbnMuY29tXC93cC1jb250ZW50XC91cGxvYWRzXC8yMDI0XC8xMFwvU2hhcGUtU3BvcnRzLUNsdWItMS5qcGciLCJzbGlkZXNob3ciOiIxOTBlMDNkIn0%3D\">\n\t\t\t\t\t<div class=\"e-gallery-image elementor-gallery-item__image\" data-thumbnail=\"https:\/\/www.padelcreations.com\/wp-content\/uploads\/2024\/10\/Shape-Sports-Club-1.jpg\" data-width=\"1058\" data-height=\"703\" aria-label=\"Indoor padel court featuring artificial turf and surrounding fencing.\" role=\"img\" ><\/div>\n\t\t\t\t\t\t\t\t\t\t\t<div class=\"elementor-gallery-item__overlay\"><\/div>\n\t\t\t\t\t\t\t\t\t\t\t\t\t\t<\/a>\n\t\t\t\t\t\t\t<a class=\"e-gallery-item elementor-gallery-item elementor-animated-content\" href=\"https:\/\/www.padelcreations.com\/wp-content\/uploads\/2024\/12\/Padelcreations.com-Padel-Courts-Padelarena.ch-Mod.-BASIC-PRO-2.jpg\" data-elementor-open-lightbox=\"yes\" data-elementor-lightbox-slideshow=\"190e03d\" data-e-action-hash=\"#elementor-action%3Aaction%3Dlightbox%26settings%3DeyJpZCI6MzQ1NzUsInVybCI6Imh0dHBzOlwvXC93d3cucGFkZWxjcmVhdGlvbnMuY29tXC93cC1jb250ZW50XC91cGxvYWRzXC8yMDI0XC8xMlwvUGFkZWxjcmVhdGlvbnMuY29tLVBhZGVsLUNvdXJ0cy1QYWRlbGFyZW5hLmNoLU1vZC4tQkFTSUMtUFJPLTIuanBnIiwic2xpZGVzaG93IjoiMTkwZTAzZCJ9\">\n\t\t\t\t\t<div class=\"e-gallery-image elementor-gallery-item__image\" data-thumbnail=\"https:\/\/www.padelcreations.com\/wp-content\/uploads\/2024\/12\/Padelcreations.com-Padel-Courts-Padelarena.ch-Mod.-BASIC-PRO-2.jpg\" data-width=\"640\" data-height=\"479\" aria-label=\"Two players engaged in a game on a blue padel court with a net in view.\" role=\"img\" ><\/div>\n\t\t\t\t\t\t\t\t\t\t\t<div class=\"elementor-gallery-item__overlay\"><\/div>\n\t\t\t\t\t\t\t\t\t\t\t\t\t\t<\/a>\n\t\t\t\t\t\t\t<a class=\"e-gallery-item elementor-gallery-item elementor-animated-content\" href=\"https:\/\/www.padelcreations.com\/wp-content\/uploads\/2024\/12\/Padelcreations.com-Padel-Courts-Padelarena.ch-Mod.-BASIC-PRO-3.jpg\" data-elementor-open-lightbox=\"yes\" data-elementor-lightbox-slideshow=\"190e03d\" data-e-action-hash=\"#elementor-action%3Aaction%3Dlightbox%26settings%3DeyJpZCI6MzQ1NzcsInVybCI6Imh0dHBzOlwvXC93d3cucGFkZWxjcmVhdGlvbnMuY29tXC93cC1jb250ZW50XC91cGxvYWRzXC8yMDI0XC8xMlwvUGFkZWxjcmVhdGlvbnMuY29tLVBhZGVsLUNvdXJ0cy1QYWRlbGFyZW5hLmNoLU1vZC4tQkFTSUMtUFJPLTMuanBnIiwic2xpZGVzaG93IjoiMTkwZTAzZCJ9\">\n\t\t\t\t\t<div class=\"e-gallery-image elementor-gallery-item__image\" data-thumbnail=\"https:\/\/www.padelcreations.com\/wp-content\/uploads\/2024\/12\/Padelcreations.com-Padel-Courts-Padelarena.ch-Mod.-BASIC-PRO-3.jpg\" data-width=\"720\" data-height=\"960\" aria-label=\"Two players engaged in a game on a blue padel court with a net in the foreground.\" role=\"img\" ><\/div>\n\t\t\t\t\t\t\t\t\t\t\t<div class=\"elementor-gallery-item__overlay\"><\/div>\n\t\t\t\t\t\t\t\t\t\t\t\t\t\t<\/a>\n\t\t\t\t\t<\/div>\n\t\t\t\t\t<\/div>\n\t\t\t\t<\/div>\n\t\t\t\t\t<\/div>\n\t\t\t\t<\/div>\n\t\t\t\t<\/div>\n\t\t\n<h3>Standard Padelplatz \u2013 Entwickelt f\u00fcr intensive Indoor-Nutzung<\/h3>\n<p>The <strong>Standard Padel Court<\/strong> is a <strong>cost-effective and reliable solution<\/strong> for any indoor facility.<br \/>\nDer Standard Padelplatz ist eine kosteneffiziente und zuverl\u00e4ssige L\u00f6sung f\u00fcr jede Indoor-Anlage.<br \/>Mit einer Pfeiler-Stahlkonstruktion rund um die Glasw\u00e4nde bietet er au\u00dfergew\u00f6hnliche Haltbarkeit, Stabilit\u00e4t und konstante Spielqualit\u00e4t \u2014 ideal f\u00fcr Anlagen, in denen die Pl\u00e4tze den ganzen Tag \u00fcber intensiv genutzt werden.<\/p>\n<p>Dieses Modell ist nicht nur perfekt geeignet f\u00fcr Clubs, Schulen und Akademien, sondern auch f\u00fcr Sportzentren, Universit\u00e4ten, Hotels, Fitnessanlagen und Multisport-Einrichtungen, die Padel auf eine zuverl\u00e4ssige, wartungsarme und professionelle Weise einf\u00fchren m\u00f6chten. Seine robuste Konstruktion garantiert eine langfristige Leistung und eine hervorragende Investitionsrendite.<\/p>\n<p><strong>Alle PADELCREATIONS-Pl\u00e4tze werden gem\u00e4\u00df den Vorgaben der FIP (International Padel Federation) entworfen und gebaut.<\/strong><\/p>\n","protected":false},"excerpt":{"rendered":"<p><strong>DIE BASIC-L\u00d6SUNG<\/strong><\/p>\n<p>Dieser <strong>budgetfreundliche<\/strong> Padel-Court, der sich durch ein <strong>schlichtes Design<\/strong> mit <strong>robusten Pfeilern und stabilen Ecken<\/strong> auszeichnet, ist eine <strong>kosteneffektive L\u00f6sung f\u00fcr jedes Budget<\/strong>.<\/p>\n<p>Ideal f\u00fcr Inneninstallationen, eignet er sich sowohl f\u00fcr kommerzielle als auch f\u00fcr private Nutzung.<br \/>\nEr kann auch im Au\u00dfenbereich installiert werden, jedoch nur in stark windgesch\u00fctzten Bereichen, um Leistung und Haltbarkeit zu gew\u00e4hrleisten.<\/p>\n<ul>\n<li>CE-Zertifizierung gem\u00e4\u00df CE-Verordnung Nr. 305\/2011 der EN1090-1<\/li>\n<li>Konstruiert nach den offiziellen Ma\u00dfen, die von der International Padel Federation spezifiziert wurden.<\/li>\n<\/ul>\n<p>Ideal f\u00fcr Tennisclubs, die ihr Angebot um Padel erweitern m\u00f6chten, sowie f\u00fcr eigenst\u00e4ndige Padel-Courts mit begrenzten Budgetoptionen. Diese L\u00f6sung bietet eine kosteneffektive M\u00f6glichkeit, Padel einzuf\u00fchren und spricht ein breiteres Publikum an, w\u00e4hrend sie innerhalb der Budgetgrenzen bleibt.<\/p>\n<p><strong>Drei (3) Padel-Courts<\/strong> passen in einen LKW oder 40-Fu\u00df-OT-Container, was die Logistikkosten reduziert und den Transport optimiert.<\/p>\n","protected":false},"featured_media":32586,"template":"","meta":{"_monsterinsights_skip_tracking":false,"_monsterinsights_sitenote_active":false,"_monsterinsights_sitenote_note":"","_monsterinsights_sitenote_category":0},"product_brand":[],"product_cat":[117],"product_tag":[],"class_list":{"0":"post-36117","1":"product","2":"type-product","3":"status-publish","4":"has-post-thumbnail","6":"product_cat-standard-de","8":"first","9":"instock","10":"shipping-taxable","11":"product-type-simple"},"aioseo_notices":[],"_links":{"self":[{"href":"https:\/\/www.padelcreations.com\/de\/wp-json\/wp\/v2\/product\/36117","targetHints":{"allow":["GET"]}}],"collection":[{"href":"https:\/\/www.padelcreations.com\/de\/wp-json\/wp\/v2\/product"}],"about":[{"href":"https:\/\/www.padelcreations.com\/de\/wp-json\/wp\/v2\/types\/product"}],"wp:featuredmedia":[{"embeddable":true,"href":"https:\/\/www.padelcreations.com\/de\/wp-json\/wp\/v2\/media\/32586"}],"wp:attachment":[{"href":"https:\/\/www.padelcreations.com\/de\/wp-json\/wp\/v2\/media?parent=36117"}],"wp:term":[{"taxonomy":"product_brand","embeddable":true,"href":"https:\/\/www.padelcreations.com\/de\/wp-json\/wp\/v2\/product_brand?post=36117"},{"taxonomy":"product_cat","embeddable":true,"href":"https:\/\/www.padelcreations.com\/de\/wp-json\/wp\/v2\/product_cat?post=36117"},{"taxonomy":"product_tag","embeddable":true,"href":"https:\/\/www.padelcreations.com\/de\/wp-json\/wp\/v2\/product_tag?post=36117"}],"curies":[{"name":"wp","href":"https:\/\/api.w.org\/{rel}","templated":true}]}}