{"id":36027,"date":"2022-09-28T15:05:36","date_gmt":"2022-09-28T13:05:36","guid":{"rendered":"https:\/\/padelcreations.com\/was-ist-padel\/"},"modified":"2026-01-13T12:31:10","modified_gmt":"2026-01-13T10:31:10","slug":"was-ist-padel","status":"publish","type":"page","link":"https:\/\/www.padelcreations.com\/de\/was-ist-padel\/","title":{"rendered":"Was ist Padel?"},"content":{"rendered":"\t\t<div data-elementor-type=\"wp-page\" data-elementor-id=\"36027\" class=\"elementor elementor-36027 elementor-19633\" data-elementor-post-type=\"page\">\n\t\t\t\t<div data-particle_enable=\"false\" data-particle-mobile-disabled=\"false\" class=\"elementor-element elementor-element-4a58f2e e-flex e-con-boxed e-con e-parent\" data-id=\"4a58f2e\" data-element_type=\"container\" data-e-type=\"container\" data-settings=\"{&quot;background_background&quot;:&quot;classic&quot;,&quot;background_motion_fx_motion_fx_scrolling&quot;:&quot;yes&quot;,&quot;background_motion_fx_devices&quot;:[&quot;desktop&quot;,&quot;tablet&quot;,&quot;mobile&quot;]}\">\n\t\t\t\t\t<div class=\"e-con-inner\">\n\t\t\t\t<div class=\"elementor-element elementor-element-f89c608 elementor-widget__width-initial elementor-widget elementor-widget-heading\" data-id=\"f89c608\" data-element_type=\"widget\" data-e-type=\"widget\" data-widget_type=\"heading.default\">\n\t\t\t\t<div class=\"elementor-widget-container\">\n\t\t\t\t\t<h2 class=\"elementor-heading-title elementor-size-default\">Entdecken Sie Padel \u2013 den am schnellsten wachsenden Schl\u00e4gersport der Welt<\/h2>\t\t\t\t<\/div>\n\t\t\t\t<\/div>\n\t\t\t\t\t<\/div>\n\t\t\t\t<\/div>\n\t\t<div data-particle_enable=\"false\" data-particle-mobile-disabled=\"false\" class=\"elementor-element elementor-element-7aea5a5 e-flex e-con-boxed e-con e-parent\" data-id=\"7aea5a5\" data-element_type=\"container\" data-e-type=\"container\" data-settings=\"{&quot;background_background&quot;:&quot;classic&quot;,&quot;shape_divider_bottom&quot;:&quot;triangle-asymmetrical&quot;}\">\n\t\t\t\t\t<div class=\"e-con-inner\">\n\t\t\t\t<div class=\"elementor-shape elementor-shape-bottom\" aria-hidden=\"true\" data-negative=\"false\">\n\t\t\t<svg xmlns=\"http:\/\/www.w3.org\/2000\/svg\" viewBox=\"0 0 1000 100\" preserveAspectRatio=\"none\">\n\t<path class=\"elementor-shape-fill\" d=\"M738,99l262-93V0H0v5.6L738,99z\"\/>\n<\/svg>\t\t<\/div>\n\t\t\t\t<div class=\"elementor-element elementor-element-561a74c elementor-widget__width-initial elementor-widget elementor-widget-text-editor\" data-id=\"561a74c\" data-element_type=\"widget\" data-e-type=\"widget\" data-widget_type=\"text-editor.default\">\n\t\t\t\t<div class=\"elementor-widget-container\">\n\t\t\t\t\t\t\t\t\t<p><span style=\"font-weight: 400;\">Padel ist ein aufregender Schl\u00e4gersport, der die fesselndsten Aspekte von Tennis und Squash vereint. Im Gegensatz zum Tennis wird Padel immer im Doppel gespielt, was eine unterhaltsame und soziale Atmosph\u00e4re schafft, die Spieler aller Altersgruppen und Spielst\u00e4rken anzieht. <\/span><\/p>\t\t\t\t\t\t\t\t<\/div>\n\t\t\t\t<\/div>\n\t\t\t\t\t<\/div>\n\t\t\t\t<\/div>\n\t\t<div data-particle_enable=\"false\" data-particle-mobile-disabled=\"false\" class=\"elementor-element elementor-element-151a747 e-flex e-con-boxed elementor-invisible e-con e-parent\" data-id=\"151a747\" data-element_type=\"container\" data-e-type=\"container\" data-settings=\"{&quot;animation&quot;:&quot;slideInUp&quot;}\">\n\t\t\t\t\t<div class=\"e-con-inner\">\n\t\t\t\t<div class=\"elementor-element elementor-element-c314843 elementor-widget elementor-widget-heading\" data-id=\"c314843\" data-element_type=\"widget\" data-e-type=\"widget\" data-widget_type=\"heading.default\">\n\t\t\t\t<div class=\"elementor-widget-container\">\n\t\t\t\t\t<h2 class=\"elementor-heading-title elementor-size-default\">Wie wird Padel gespielt?\n<\/h2>\t\t\t\t<\/div>\n\t\t\t\t<\/div>\n\t\t\t\t<div class=\"elementor-element elementor-element-3823ab6 elementor-widget elementor-widget-text-editor\" data-id=\"3823ab6\" data-element_type=\"widget\" data-e-type=\"widget\" data-widget_type=\"text-editor.default\">\n\t\t\t\t<div class=\"elementor-widget-container\">\n\t\t\t\t\t\t\t\t\t<p><span style=\"font-weight: 400;\">Padel folgt dem traditionellen Tennis-Punktesystem, doch seine einzigartige Besonderheit ist die Nutzung der umliegenden W\u00e4nde. Die Glas- und Gitterw\u00e4nde sind Teil des Spiels, wodurch der Ball l\u00e4nger im Spiel bleibt und abprallen kann. Dies verleiht dem Spiel strategische Tiefe und macht die Ballwechsel dynamischer.  <\/span><\/p>\t\t\t\t\t\t\t\t<\/div>\n\t\t\t\t<\/div>\n\t\t\t\t<div class=\"elementor-element elementor-element-024cbe2 elementor-widget elementor-widget-heading\" data-id=\"024cbe2\" data-element_type=\"widget\" data-e-type=\"widget\" data-widget_type=\"heading.default\">\n\t\t\t\t<div class=\"elementor-widget-container\">\n\t\t\t\t\t<h3 class=\"elementor-heading-title elementor-size-default\">Der Padelplatz \u2013 Gr\u00f6\u00dfe und Struktur\n<\/h3>\t\t\t\t<\/div>\n\t\t\t\t<\/div>\n\t\t\t\t<div class=\"elementor-element elementor-element-ca73c77 elementor-widget elementor-widget-text-editor\" data-id=\"ca73c77\" data-element_type=\"widget\" data-e-type=\"widget\" data-widget_type=\"text-editor.default\">\n\t\t\t\t<div class=\"elementor-widget-container\">\n\t\t\t\t\t\t\t\t\t<p><span style=\"font-weight: 400;\">Ein Padelplatz ist etwa halb so gro\u00df wie ein Tennisplatz und ist vollst\u00e4ndig von Glasw\u00e4nden und Metallgitterz\u00e4unen umgeben. Der Platz ist in der Mitte durch ein Netz geteilt, genau wie ein Tennisplatz. Das geschlossene Design verleiht dem Spiel eine zus\u00e4tzliche Dimension, indem es den Spielern erm\u00f6glicht, Abpraller und kreative Winkel zu nutzen.  <\/span><\/p>\t\t\t\t\t\t\t\t<\/div>\n\t\t\t\t<\/div>\n\t\t\t\t<div class=\"elementor-element elementor-element-80bc881 elementor-widget elementor-widget-heading\" data-id=\"80bc881\" data-element_type=\"widget\" data-e-type=\"widget\" data-widget_type=\"heading.default\">\n\t\t\t\t<div class=\"elementor-widget-container\">\n\t\t\t\t\t<h3 class=\"elementor-heading-title elementor-size-default\">Ausr\u00fcstung \u2013 Padel-Schl\u00e4ger und -B\u00e4lle\n<\/h3>\t\t\t\t<\/div>\n\t\t\t\t<\/div>\n\t\t\t\t<div class=\"elementor-element elementor-element-9966f86 elementor-widget elementor-widget-text-editor\" data-id=\"9966f86\" data-element_type=\"widget\" data-e-type=\"widget\" data-widget_type=\"text-editor.default\">\n\t\t\t\t<div class=\"elementor-widget-container\">\n\t\t\t\t\t\t\t\t\t<p><span style=\"font-weight: 400;\">Padel-Spieler verwenden spezielle, solide Schl\u00e4ger ohne Saiten, die \u00fcber eine perforierte Oberfl\u00e4che f\u00fcr mehr Kontrolle und Kraft verf\u00fcgen. Die B\u00e4lle sehen \u00e4hnlich aus wie Tennisb\u00e4lle, haben jedoch einen etwas geringeren Druck, wodurch ein langsameres, kontrollierteres Tempo beibehalten wird, das f\u00fcr l\u00e4ngere Ballwechsel geeignet ist. <\/span><\/p>\t\t\t\t\t\t\t\t<\/div>\n\t\t\t\t<\/div>\n\t\t<div data-particle_enable=\"false\" data-particle-mobile-disabled=\"false\" class=\"elementor-element elementor-element-6cf1f55 e-con-full e-flex e-con e-child\" data-id=\"6cf1f55\" data-element_type=\"container\" data-e-type=\"container\">\n\t\t<div data-particle_enable=\"false\" data-particle-mobile-disabled=\"false\" class=\"elementor-element elementor-element-7be7bf2 e-con-full e-flex e-con e-child\" data-id=\"7be7bf2\" data-element_type=\"container\" data-e-type=\"container\">\n\t\t\t\t<div class=\"elementor-element elementor-element-e472e59 elementor-widget elementor-widget-image\" data-id=\"e472e59\" data-element_type=\"widget\" data-e-type=\"widget\" data-widget_type=\"image.default\">\n\t\t\t\t<div class=\"elementor-widget-container\">\n\t\t\t\t\t\t\t\t\t\t\t\t\t\t\t<img loading=\"lazy\" decoding=\"async\" width=\"2048\" height=\"1365\" src=\"https:\/\/www.padelcreations.com\/wp-content\/uploads\/2025\/07\/discover_padel_the_worlds_fastest_growing_racket_sport-scaled.jpg\" class=\"attachment-full size-full wp-image-39924\" alt=\"Ein Padelspieler h\u00e4lt einen Schl\u00e4ger und hat zwei Padelb\u00e4lle auf dem Platz.\" srcset=\"https:\/\/www.padelcreations.com\/wp-content\/uploads\/2025\/07\/discover_padel_the_worlds_fastest_growing_racket_sport-scaled.jpg 2048w, https:\/\/www.padelcreations.com\/wp-content\/uploads\/2025\/07\/discover_padel_the_worlds_fastest_growing_racket_sport-300x200.jpg 300w, https:\/\/www.padelcreations.com\/wp-content\/uploads\/2025\/07\/discover_padel_the_worlds_fastest_growing_racket_sport-1024x683.jpg 1024w, https:\/\/www.padelcreations.com\/wp-content\/uploads\/2025\/07\/discover_padel_the_worlds_fastest_growing_racket_sport-768x512.jpg 768w, https:\/\/www.padelcreations.com\/wp-content\/uploads\/2025\/07\/discover_padel_the_worlds_fastest_growing_racket_sport-1536x1024.jpg 1536w, https:\/\/www.padelcreations.com\/wp-content\/uploads\/2025\/07\/discover_padel_the_worlds_fastest_growing_racket_sport-600x400.jpg 600w\" sizes=\"auto, (max-width: 2048px) 100vw, 2048px\" \/>\t\t\t\t\t\t\t\t\t\t\t\t\t\t\t<\/div>\n\t\t\t\t<\/div>\n\t\t\t\t<\/div>\n\t\t<div data-particle_enable=\"false\" data-particle-mobile-disabled=\"false\" class=\"elementor-element elementor-element-32dac21 e-con-full e-flex e-con e-child\" data-id=\"32dac21\" data-element_type=\"container\" data-e-type=\"container\">\n\t\t\t\t<div class=\"elementor-element elementor-element-88be78f elementor-widget elementor-widget-image\" data-id=\"88be78f\" data-element_type=\"widget\" data-e-type=\"widget\" data-widget_type=\"image.default\">\n\t\t\t\t<div class=\"elementor-widget-container\">\n\t\t\t\t\t\t\t\t\t\t\t\t\t\t\t<img loading=\"lazy\" decoding=\"async\" width=\"2000\" height=\"1500\" src=\"https:\/\/www.padelcreations.com\/wp-content\/uploads\/2024\/12\/Mod.-PANORAMIC-OUTDOOR-HUNGARY-1.jpg\" class=\"attachment-full size-full wp-image-35099\" alt=\"Ein Padelplatz im Freien mit blauen Spielfl\u00e4chen und einem Zaun.\" srcset=\"https:\/\/www.padelcreations.com\/wp-content\/uploads\/2024\/12\/Mod.-PANORAMIC-OUTDOOR-HUNGARY-1.jpg 2000w, https:\/\/www.padelcreations.com\/wp-content\/uploads\/2024\/12\/Mod.-PANORAMIC-OUTDOOR-HUNGARY-1-300x225.jpg 300w, https:\/\/www.padelcreations.com\/wp-content\/uploads\/2024\/12\/Mod.-PANORAMIC-OUTDOOR-HUNGARY-1-1024x768.jpg 1024w, https:\/\/www.padelcreations.com\/wp-content\/uploads\/2024\/12\/Mod.-PANORAMIC-OUTDOOR-HUNGARY-1-768x576.jpg 768w, https:\/\/www.padelcreations.com\/wp-content\/uploads\/2024\/12\/Mod.-PANORAMIC-OUTDOOR-HUNGARY-1-1536x1152.jpg 1536w, https:\/\/www.padelcreations.com\/wp-content\/uploads\/2024\/12\/Mod.-PANORAMIC-OUTDOOR-HUNGARY-1-600x450.jpg 600w\" sizes=\"auto, (max-width: 2000px) 100vw, 2000px\" \/>\t\t\t\t\t\t\t\t\t\t\t\t\t\t\t<\/div>\n\t\t\t\t<\/div>\n\t\t\t\t<\/div>\n\t\t\t\t<\/div>\n\t\t\t\t\t<\/div>\n\t\t\t\t<\/div>\n\t\t<div data-particle_enable=\"false\" data-particle-mobile-disabled=\"false\" class=\"elementor-element elementor-element-ee2320c e-flex e-con-boxed elementor-invisible e-con e-parent\" data-id=\"ee2320c\" data-element_type=\"container\" data-e-type=\"container\" data-settings=\"{&quot;animation&quot;:&quot;slideInUp&quot;}\">\n\t\t\t\t\t<div class=\"e-con-inner\">\n\t\t\t\t<div class=\"elementor-element elementor-element-189ba63 elementor-widget elementor-widget-heading\" data-id=\"189ba63\" data-element_type=\"widget\" data-e-type=\"widget\" data-widget_type=\"heading.default\">\n\t\t\t\t<div class=\"elementor-widget-container\">\n\t\t\t\t\t<h2 class=\"elementor-heading-title elementor-size-default\">Wo ist Padel beliebt?\n<\/h2>\t\t\t\t<\/div>\n\t\t\t\t<\/div>\n\t\t\t\t<div class=\"elementor-element elementor-element-225f5e8 elementor-widget elementor-widget-text-editor\" data-id=\"225f5e8\" data-element_type=\"widget\" data-e-type=\"widget\" data-widget_type=\"text-editor.default\">\n\t\t\t\t<div class=\"elementor-widget-container\">\n\t\t\t\t\t\t\t\t\t<p><span style=\"font-weight: 400;\">Padel begann in Mexiko und wurde schnell zu einem riesigen Erfolg in Spanien und Lateinamerika. Heute breitet sich der Sport in Europa, dem Nahen Osten, Nordamerika und Ozeanien aus. Padelpl\u00e4tze werden in Gro\u00dfbritannien, Deutschland, Frankreich, Schweden, den USA, Kanada, Australien und weiteren L\u00e4ndern installiert. Viele Tennisclubs, Akademien, Sportzentren, Resorts, Golfclubs, Luxushotels und Wohnanlagen erweitern ihr Sportangebot um Padelpl\u00e4tze.   <\/span><\/p>\t\t\t\t\t\t\t\t<\/div>\n\t\t\t\t<\/div>\n\t\t\t\t<div class=\"elementor-element elementor-element-c7e6fd1 elementor-widget elementor-widget-heading\" data-id=\"c7e6fd1\" data-element_type=\"widget\" data-e-type=\"widget\" data-widget_type=\"heading.default\">\n\t\t\t\t<div class=\"elementor-widget-container\">\n\t\t\t\t\t<h3 class=\"elementor-heading-title elementor-size-default\">Padel in Deutschland<\/h3>\t\t\t\t<\/div>\n\t\t\t\t<\/div>\n\t\t\t\t<div class=\"elementor-element elementor-element-20c5929 elementor-widget elementor-widget-text-editor\" data-id=\"20c5929\" data-element_type=\"widget\" data-e-type=\"widget\" data-widget_type=\"text-editor.default\">\n\t\t\t\t<div class=\"elementor-widget-container\">\n\t\t\t\t\t\t\t\t\t<p><span style=\"font-weight: 400;\">Der Padel-Sport ist in Deutschland noch relativ neu, was bedeutet, dass Bauherren noch keine spezifischen DIN-Normen auf Padelpl\u00e4tze anwenden konnten. Padelpl\u00e4tze k\u00f6nnen daher frei gebaut werden. Stattdessen basieren die Planungsprinzipien auf anderen Normen des Sportst\u00e4ttenbaus und m\u00fcssen sich an den Vorgaben der International Padel Federation (FIP) orientieren. Dies bedeutet jedoch auch, dass neben den zwingenden Vorgaben etliche unterschiedlich gestaltete Platzmodelle auf dem deutschen Markt entstanden sind. Diese Vielfalt bietet Vereinen und Entwicklern die M\u00f6glichkeit, ihre Pl\u00e4tze individuell anzupassen und an verschiedene Standorte und Budgets anzupassen.    <\/span><\/p>\t\t\t\t\t\t\t\t<\/div>\n\t\t\t\t<\/div>\n\t\t\t\t<div class=\"elementor-element elementor-element-e1fe3f2 elementor-widget elementor-widget-heading\" data-id=\"e1fe3f2\" data-element_type=\"widget\" data-e-type=\"widget\" data-widget_type=\"heading.default\">\n\t\t\t\t<div class=\"elementor-widget-container\">\n\t\t\t\t\t<h2 class=\"elementor-heading-title elementor-size-default\">Warum Padel?<\/h2>\t\t\t\t<\/div>\n\t\t\t\t<\/div>\n\t\t\t\t<div class=\"elementor-element elementor-element-909b8dc elementor-widget elementor-widget-text-editor\" data-id=\"909b8dc\" data-element_type=\"widget\" data-e-type=\"widget\" data-widget_type=\"text-editor.default\">\n\t\t\t\t<div class=\"elementor-widget-container\">\n\t\t\t\t\t\t\t\t\t<p><span style=\"font-weight: 400;\">Padel ist leicht zu erlernen, macht Spa\u00df und ist perfekt f\u00fcr Familien, Freunde und Wettkampfspieler gleicherma\u00dfen. Der soziale Aspekt des Sports und das strategische Gameplay machen ihn zu einer idealen Erg\u00e4nzung f\u00fcr jeden Sportverein oder jede Freizeiteinrichtung, die neue Mitglieder gewinnen und sich in einem wettbewerbsintensiven Markt abheben m\u00f6chte. <\/span><\/p>\t\t\t\t\t\t\t\t<\/div>\n\t\t\t\t<\/div>\n\t\t\t\t\t<\/div>\n\t\t\t\t<\/div>\n\t\t<div data-particle_enable=\"false\" data-particle-mobile-disabled=\"false\" class=\"elementor-element elementor-element-d92e263 e-flex e-con-boxed elementor-invisible e-con e-parent\" data-id=\"d92e263\" data-element_type=\"container\" data-e-type=\"container\" data-settings=\"{&quot;animation&quot;:&quot;slideInUp&quot;}\">\n\t\t\t\t\t<div class=\"e-con-inner\">\n\t\t<div data-particle_enable=\"false\" data-particle-mobile-disabled=\"false\" class=\"elementor-element elementor-element-e33244c e-con-full e-flex e-con e-child\" data-id=\"e33244c\" data-element_type=\"container\" data-e-type=\"container\">\n\t\t\t\t<div class=\"elementor-element elementor-element-a396513 elementor-widget elementor-widget-heading\" data-id=\"a396513\" data-element_type=\"widget\" data-e-type=\"widget\" data-widget_type=\"heading.default\">\n\t\t\t\t<div class=\"elementor-widget-container\">\n\t\t\t\t\t<h3 class=\"elementor-heading-title elementor-size-default\">Padel f\u00fcr alle Altersgruppen:<\/h3>\t\t\t\t<\/div>\n\t\t\t\t<\/div>\n\t\t\t\t<div class=\"elementor-element elementor-element-337476e elementor-widget elementor-widget-text-editor\" data-id=\"337476e\" data-element_type=\"widget\" data-e-type=\"widget\" data-widget_type=\"text-editor.default\">\n\t\t\t\t<div class=\"elementor-widget-container\">\n\t\t\t\t\t\t\t\t\t<p>Entdecken Sie die Freude am Padel, einer spannenden Sportart, die f\u00fcr alle Altersgruppen geeignet ist. Machen Sie mit und erleben Sie die Aufregung noch heute!<\/p>\t\t\t\t\t\t\t\t<\/div>\n\t\t\t\t<\/div>\n\t\t\t\t<div class=\"elementor-element elementor-element-cb4e26b elementor-widget elementor-widget-html\" data-id=\"cb4e26b\" data-element_type=\"widget\" data-e-type=\"widget\" data-widget_type=\"html.default\">\n\t\t\t\t<div class=\"elementor-widget-container\">\n\t\t\t\t\t<div><style>\r\nbody {\r\n    background-color: #f0f0f0;\r\n }\r\n\r\n#video-container {\r\n    position: relative;\r\n    max-width: 40em;\r\n    margin: auto;\r\n    border: 2px solid #76a343;\r\n    \r\n }\r\n\r\n#video-container video {\r\n    display: block;\r\n    width: 100%;\r\n    height: auto;\r\n }\r\n\r\n#video-container img {\r\n    position: absolute;\r\n    top: 0;\r\n    left: 0;\r\n    width: 100%;\r\n    height: auto;\r\n    cursor: pointer;\r\n }\r\n.hide {\r\n    display: none;\r\n }\r\n    <\/style>\r\n<\/head>\r\n\r\n        <div id=\"video-container\">\r\n  <video id=\"player\" preload=\"\" controls=\"\" poster=\"\/wp-content\/uploads\/2025\/01\/LOGO-FRONT-BUTTON.png\" loading=\"lazy\">\r\n    <source src=\"\/wp-content\/uploads\/2025\/01\/Padel-for-all-ages-at-Stoke-Park_low.mp4\" type=\"video\/mp4\">\r\n  <\/source><\/video>\r\n  <img loading=\"lazy\" decoding=\"async\" id=\"starter\" class=\"hide\" src=\"\/wp-content\/uploads\/2025\/01\/LOGO-FRONT-BUTTON.png\" width=\"520\" height=\"304\" alt=\"\">\r\n <\/div>\r\n\r\n    <script>\r\n        ( function( d ) {   'use strict';\r\n\r\n   var str = d.getElementById( 'starter' ), \r\n       pyr = d.getElementById( 'player' );\r\n\r\n   str.classList.remove( 'hide' );\r\n\r\n   str.addEventListener( 'click', \r\n      function() { \r\n                  pyr.play();\r\n                  str.classList.add( 'hide' );\r\n                 }, false );\r\n\r\n   pyr.addEventListener( 'ended', \r\n      function() { \r\n                  pyr.load();\r\n                  str.classList.remove( 'hide' );\r\n                 }, false );\r\n\r\n }( document ));\r\n    <\/script>\r\n\r\n<\/html><\/div>\t\t\t\t<\/div>\n\t\t\t\t<\/div>\n\t\t\t\t<\/div>\n\t\t<div data-particle_enable=\"false\" data-particle-mobile-disabled=\"false\" class=\"elementor-element elementor-element-99bf4e4 e-con-full e-flex e-con e-child\" data-id=\"99bf4e4\" data-element_type=\"container\" data-e-type=\"container\">\n\t\t\t\t<div class=\"elementor-element elementor-element-8fccccc elementor-widget elementor-widget-heading\" data-id=\"8fccccc\" data-element_type=\"widget\" data-e-type=\"widget\" data-widget_type=\"heading.default\">\n\t\t\t\t<div class=\"elementor-widget-container\">\n\t\t\t\t\t<h3 class=\"elementor-heading-title elementor-size-default\">PADEL AUF PROFI-NIVEAU<\/h3>\t\t\t\t<\/div>\n\t\t\t\t<\/div>\n\t\t\t\t<div class=\"elementor-element elementor-element-e95777f elementor-widget elementor-widget-text-editor\" data-id=\"e95777f\" data-element_type=\"widget\" data-e-type=\"widget\" data-widget_type=\"text-editor.default\">\n\t\t\t\t<div class=\"elementor-widget-container\">\n\t\t\t\t\t\t\t\t\t<p>Dieses Video spiegelt das Ausma\u00df der von der World Padel Tour organisierten Veranstaltung wider. Klicken Sie einfach auf &#8222;Play&#8220;, um zu genie\u00dfen!<\/p>\t\t\t\t\t\t\t\t<\/div>\n\t\t\t\t<\/div>\n\t\t\t\t<div class=\"elementor-element elementor-element-1ae142f elementor-widget elementor-widget-html\" data-id=\"1ae142f\" data-element_type=\"widget\" data-e-type=\"widget\" data-widget_type=\"html.default\">\n\t\t\t\t<div class=\"elementor-widget-container\">\n\t\t\t\t\t<div><style>\r\nbody {\r\n    background-color: #f0f0f0;\r\n }\r\n\r\n#video-container {\r\n    position: relative;\r\n    max-width: 40em;\r\n    margin: auto;\r\n    border: 2px solid #76a343;\r\n    \r\n }\r\n\r\n#video-container video {\r\n    display: block;\r\n    width: 100%;\r\n    height: auto;\r\n }\r\n\r\n#video-container img {\r\n    position: absolute;\r\n    top: 0;\r\n    left: 0;\r\n    width: 100%;\r\n    height: auto;\r\n    cursor: pointer;\r\n }\r\n.hide {\r\n    display: none;\r\n }\r\n    <\/style>\r\n<\/head>\r\n\r\n        <div id=\"video-container\">\r\n  <video id=\"player\" preload=\"\" controls=\"\" poster=\"\/wp-content\/uploads\/2025\/01\/LOGO-FRONT-BUTTON.png\" loading=\"lazy\">\r\n    <source src=\"\/wp-content\/uploads\/2023\/09\/World-Padel-Tour-2015-_-YouTube-Channel.mp4\" type=\"video\/mp4\">\r\n  <\/source><\/video>\r\n  <img loading=\"lazy\" decoding=\"async\" id=\"starter\" class=\"hide\" src=\"\/wp-content\/uploads\/2025\/01\/LOGO-FRONT-BUTTON.png\" width=\"520\" height=\"304\" alt=\"\">\r\n <\/div>\r\n\r\n    <script>\r\n        ( function( d ) {   'use strict';\r\n\r\n   var str = d.getElementById( 'starter' ), \r\n       pyr = d.getElementById( 'player' );\r\n\r\n   str.classList.remove( 'hide' );\r\n\r\n   str.addEventListener( 'click', \r\n      function() { \r\n                  pyr.play();\r\n                  str.classList.add( 'hide' );\r\n                 }, false );\r\n\r\n   pyr.addEventListener( 'ended', \r\n      function() { \r\n                  pyr.load();\r\n                  str.classList.remove( 'hide' );\r\n                 }, false );\r\n\r\n }( document ));\r\n    <\/script>\r\n\r\n<\/html><\/div>\t\t\t\t<\/div>\n\t\t\t\t<\/div>\n\t\t\t\t<\/div>\n\t\t\t\t\t<\/div>\n\t\t\t\t<\/div>\n\t\t<div data-particle_enable=\"false\" data-particle-mobile-disabled=\"false\" class=\"elementor-element elementor-element-3b2491a e-flex e-con-boxed elementor-invisible e-con e-parent\" data-id=\"3b2491a\" data-element_type=\"container\" data-e-type=\"container\" data-settings=\"{&quot;animation&quot;:&quot;slideInUp&quot;}\">\n\t\t\t\t\t<div class=\"e-con-inner\">\n\t\t\t\t<div class=\"elementor-element elementor-element-fa00ddb elementor-widget elementor-widget-heading\" data-id=\"fa00ddb\" data-element_type=\"widget\" data-e-type=\"widget\" data-widget_type=\"heading.default\">\n\t\t\t\t<div class=\"elementor-widget-container\">\n\t\t\t\t\t<h2 class=\"elementor-heading-title elementor-size-default\">Padelplatz bauen\n<\/h2>\t\t\t\t<\/div>\n\t\t\t\t<\/div>\n\t\t\t\t<div class=\"elementor-element elementor-element-9e6b4dd elementor-widget elementor-widget-text-editor\" data-id=\"9e6b4dd\" data-element_type=\"widget\" data-e-type=\"widget\" data-widget_type=\"text-editor.default\">\n\t\t\t\t<div class=\"elementor-widget-container\">\n\t\t\t\t\t\t\t\t\t<p><span style=\"font-weight: 400;\">Sind Sie daran interessiert, Ihren eigenen Padelplatz zu bauen? Moderne Padelpl\u00e4tze k\u00f6nnen je nach verf\u00fcgbarem Platz und Klima im Innen- oder Au\u00dfenbereich installiert werden. F\u00fcr Clubs, Hotels, Golfresorts und Wohnanlagen ist das Hinzuf\u00fcgen eines Padelplatzes eine kluge Investition, um der steigenden Nachfrage nach diesem boomenden Sport gerecht zu werden.  <\/span><\/p>\t\t\t\t\t\t\t\t<\/div>\n\t\t\t\t<\/div>\n\t\t\t\t<div class=\"elementor-element elementor-element-50fe100 elementor-widget elementor-widget-heading\" data-id=\"50fe100\" data-element_type=\"widget\" data-e-type=\"widget\" data-widget_type=\"heading.default\">\n\t\t\t\t<div class=\"elementor-widget-container\">\n\t\t\t\t\t<h2 class=\"elementor-heading-title elementor-size-default\">Treten Sie der globalen Padel-Community bei<\/h2>\t\t\t\t<\/div>\n\t\t\t\t<\/div>\n\t\t\t\t<div class=\"elementor-element elementor-element-03729cd elementor-widget elementor-widget-text-editor\" data-id=\"03729cd\" data-element_type=\"widget\" data-e-type=\"widget\" data-widget_type=\"text-editor.default\">\n\t\t\t\t<div class=\"elementor-widget-container\">\n\t\t\t\t\t\t\t\t\t<p><span style=\"font-weight: 400;\">Egal, ob Sie ein erfahrener Tennisspieler oder ein absoluter Anf\u00e4nger sind, Padel ist vom ersten Tag an zug\u00e4nglich und macht Spa\u00df. Besuchen Sie Ihren n\u00e4chstgelegenen Club, finden Sie einen Platz, versammeln Sie Freunde und sehen Sie, warum Millionen von Menschen weltweit diesen schnell wachsenden Schl\u00e4gersport begeistert aufnehmen. <\/span><\/p>\t\t\t\t\t\t\t\t<\/div>\n\t\t\t\t<\/div>\n\t\t\t\t\t<\/div>\n\t\t\t\t<\/div>\n\t\t\t\t<\/div>\n\t\t","protected":false},"excerpt":{"rendered":"<p>Entdecken Sie Padel \u2013 den am schnellsten wachsenden Schl\u00e4gersport der Welt Padel ist ein aufregender Schl\u00e4gersport, der die fesselndsten Aspekte von Tennis und Squash vereint. Im Gegensatz zum Tennis wird Padel immer im Doppel gespielt, was eine unterhaltsame und soziale Atmosph\u00e4re schafft, die Spieler aller Altersgruppen und Spielst\u00e4rken anzieht. Wie wird Padel gespielt? Padel folgt [&hellip;]<\/p>\n","protected":false},"author":1,"featured_media":38641,"parent":0,"menu_order":0,"comment_status":"closed","ping_status":"closed","template":"","meta":{"_monsterinsights_skip_tracking":false,"_monsterinsights_sitenote_active":false,"_monsterinsights_sitenote_note":"","_monsterinsights_sitenote_category":0,"footnotes":""},"class_list":["post-36027","page","type-page","status-publish","has-post-thumbnail","hentry"],"aioseo_notices":[],"_links":{"self":[{"href":"https:\/\/www.padelcreations.com\/de\/wp-json\/wp\/v2\/pages\/36027","targetHints":{"allow":["GET"]}}],"collection":[{"href":"https:\/\/www.padelcreations.com\/de\/wp-json\/wp\/v2\/pages"}],"about":[{"href":"https:\/\/www.padelcreations.com\/de\/wp-json\/wp\/v2\/types\/page"}],"author":[{"embeddable":true,"href":"https:\/\/www.padelcreations.com\/de\/wp-json\/wp\/v2\/users\/1"}],"replies":[{"embeddable":true,"href":"https:\/\/www.padelcreations.com\/de\/wp-json\/wp\/v2\/comments?post=36027"}],"version-history":[{"count":16,"href":"https:\/\/www.padelcreations.com\/de\/wp-json\/wp\/v2\/pages\/36027\/revisions"}],"predecessor-version":[{"id":42626,"href":"https:\/\/www.padelcreations.com\/de\/wp-json\/wp\/v2\/pages\/36027\/revisions\/42626"}],"wp:featuredmedia":[{"embeddable":true,"href":"https:\/\/www.padelcreations.com\/de\/wp-json\/wp\/v2\/media\/38641"}],"wp:attachment":[{"href":"https:\/\/www.padelcreations.com\/de\/wp-json\/wp\/v2\/media?parent=36027"}],"curies":[{"name":"wp","href":"https:\/\/api.w.org\/{rel}","templated":true}]}}