{"id":36002,"date":"2022-09-28T14:55:38","date_gmt":"2022-09-28T12:55:38","guid":{"rendered":"https:\/\/padelcreations.com\/padel-werkzeugkasten\/"},"modified":"2026-04-17T13:42:55","modified_gmt":"2026-04-17T11:42:55","slug":"tool-box","status":"publish","type":"page","link":"https:\/\/www.padelcreations.com\/de\/tool-box\/","title":{"rendered":"Padel Tool Box"},"content":{"rendered":"\t\t<div data-elementor-type=\"wp-page\" data-elementor-id=\"36002\" class=\"elementor elementor-36002 elementor-19623\" data-elementor-post-type=\"page\">\n\t\t\t\t<div data-particle_enable=\"false\" data-particle-mobile-disabled=\"false\" class=\"elementor-element elementor-element-17642b4 e-flex e-con-boxed e-con e-parent\" data-id=\"17642b4\" data-element_type=\"container\" data-e-type=\"container\" data-settings=\"{&quot;background_background&quot;:&quot;classic&quot;,&quot;background_motion_fx_motion_fx_scrolling&quot;:&quot;yes&quot;,&quot;background_motion_fx_devices&quot;:[&quot;desktop&quot;,&quot;tablet&quot;,&quot;mobile&quot;]}\">\n\t\t\t\t\t<div class=\"e-con-inner\">\n\t\t\t\t<div class=\"elementor-element elementor-element-a2bd20a elementor-widget elementor-widget-heading\" data-id=\"a2bd20a\" data-element_type=\"widget\" data-e-type=\"widget\" data-widget_type=\"heading.default\">\n\t\t\t\t<div class=\"elementor-widget-container\">\n\t\t\t\t\t<h1 class=\"elementor-heading-title elementor-size-default\">Padel Tool Box<\/h1>\t\t\t\t<\/div>\n\t\t\t\t<\/div>\n\t\t\t\t\t<\/div>\n\t\t\t\t<\/div>\n\t\t<div data-particle_enable=\"false\" data-particle-mobile-disabled=\"false\" class=\"elementor-element elementor-element-fdf32b9 e-flex e-con-boxed e-con e-parent\" data-id=\"fdf32b9\" data-element_type=\"container\" data-e-type=\"container\" data-settings=\"{&quot;background_background&quot;:&quot;classic&quot;,&quot;shape_divider_bottom&quot;:&quot;triangle-asymmetrical&quot;}\">\n\t\t\t\t\t<div class=\"e-con-inner\">\n\t\t\t\t<div class=\"elementor-shape elementor-shape-bottom\" aria-hidden=\"true\" data-negative=\"false\">\n\t\t\t<svg xmlns=\"http:\/\/www.w3.org\/2000\/svg\" viewBox=\"0 0 1000 100\" preserveAspectRatio=\"none\">\n\t<path class=\"elementor-shape-fill\" d=\"M738,99l262-93V0H0v5.6L738,99z\"\/>\n<\/svg>\t\t<\/div>\n\t\t\t\t<div class=\"elementor-element elementor-element-4ecf76c elementor-widget elementor-widget-text-editor\" data-id=\"4ecf76c\" data-element_type=\"widget\" data-e-type=\"widget\" data-widget_type=\"text-editor.default\">\n\t\t\t\t<div class=\"elementor-widget-container\">\n\t\t\t\t\t\t\t\t\t<p data-start=\"110\" data-end=\"277\">Hier k\u00f6nnen Sie Flyer und Poster als bearbeitbare Canva-Vorlagen herunterladen.<br data-start=\"179\" data-end=\"182\">F\u00fcgen Sie einfach Ihr Logo hinzu und nehmen Sie alle gew\u00fcnschten \u00c4nderungen vor, einschlie\u00dflich \u00dcbersetzungen und zus\u00e4tzlicher Details.<\/p><p data-start=\"279\" data-end=\"458\">Dies erleichtert die Erstellung von Materialien, die zu Ihrem Branding passen und auf allen Plattformen einheitlich sind.<br data-start=\"384\" data-end=\"387\">Es steht Ihnen frei, die Grafiken an Ihren Stil und Ihre spezifischen Bed\u00fcrfnisse anzupassen.<\/p><p data-start=\"460\" data-end=\"721\">\u00d6ffnen Sie einfach den Vorlagenlink und beginnen Sie sofort mit der Bearbeitung.<br data-start=\"517\" data-end=\"520\">Unsere Ressourcen sollen Ihnen helfen, sich zu pr\u00e4sentieren und eine starke Pr\u00e4senz in der Padel-Community aufzubauen \u2013 besonders n\u00fctzlich, wenn Sie gerade erst anfangen. Unser Ziel ist es, Ihren Erfolg im Padel zu unterst\u00fctzen. <\/p><p data-start=\"723\" data-end=\"823\">Wir werden die <strong data-start=\"731\" data-end=\"781\">Anzahl der Vorlagen schrittweise erh\u00f6hen<\/strong>, sodass f\u00fcr jeden Geschmack etwas dabei ist.<\/p><p data-start=\"825\" data-end=\"881\">Wenn Sie Fragen haben, k\u00f6nnen Sie sich gerne an uns wenden.<\/p><p data-start=\"883\" data-end=\"1129\"><strong data-start=\"883\" data-end=\"892\">Hinweis:<\/strong> Der Zugriff auf diese Vorlagen ist passwortgesch\u00fctzt und ausschlie\u00dflich unseren Kunden vorbehalten.<br data-start=\"985\" data-end=\"988\">Bitte bewahren Sie Ihre Passwortdaten sicher auf. Wenn Sie ein laufendes Projekt mit uns haben, z\u00f6gern Sie nicht, das Passwort anzufordern, um auf diesen Abschnitt zuzugreifen. <\/p><p data-start=\"1131\" data-end=\"1196\">Wir sind hier, um Sie zu unterst\u00fctzen und Ihnen auf Ihrem Weg zu helfen.<\/p>\t\t\t\t\t\t\t\t<\/div>\n\t\t\t\t<\/div>\n\t\t\t\t\t<\/div>\n\t\t\t\t<\/div>\n\t\t<div data-particle_enable=\"false\" data-particle-mobile-disabled=\"false\" class=\"elementor-element elementor-element-3c61318 e-flex e-con-boxed e-con e-parent\" data-id=\"3c61318\" data-element_type=\"container\" data-e-type=\"container\">\n\t\t\t\t\t<div class=\"e-con-inner\">\n\t\t\t\t<div class=\"elementor-element elementor-element-d87842d elementor-widget elementor-widget-eael-protected-content\" data-id=\"d87842d\" data-element_type=\"widget\" data-e-type=\"widget\" data-widget_type=\"eael-protected-content.default\">\n\t\t\t\t<div class=\"elementor-widget-container\">\n\t\t\t\t\t\t\t\t        <div class=\"eael-protected-content-message\">\n\t\t\t\t\t\t\t\t\t\t\t\t<div class=\"eael-protected-content-message-text\"><\/div>\n\t\t\t\t\t\t\t        <\/div>\n\t\t        <div class=\"eael-password-protected-content-fields\">\n            <form action=\"\" id=\"eael_protected_content_form_d87842d\" name=\"eael_protected_content_form_d87842d\" method=\"post\">\n                <input type=\"password\" name=\"protection_password_d87842d\" class=\"eael-password\"\n                       placeholder=\"Enter the password\">\n                <input type=\"hidden\" name=\"eael_protected_content_nonce_d87842d\"\n                       value=\"4d810a2ac7\">\n                <input type=\"submit\" value=\"Submit\"\n                       class=\"eael-submit\">\n\t\t\t\t<input name=\"eael_protected_content_id\" value=\"d87842d\" type=\"hidden\">            <\/form>\n\t                <\/div>\n\t\t\t\t\t\t\t\t\t\t<\/div>\n\t\t\t\t<\/div>\n\t\t\t\t\t<\/div>\n\t\t\t\t<\/div>\n\t\t\t\t<\/div>\n\t\t","protected":false},"excerpt":{"rendered":"<p>Hier k\u00f6nnen Sie Flyer und Poster als bearbeitbare Canva-Vorlagen herunterladen.F\u00fcgen Sie einfach Ihr Logo hinzu und nehmen Sie alle gew\u00fcnschten \u00c4nderungen vor, einschlie\u00dflich \u00dcbersetzungen und zus\u00e4tzlicher Details. Dies erleichtert die Erstellung von Materialien, die zu Ihrem Branding passen und auf allen Plattformen einheitlich sind.Es steht Ihnen frei, die Grafiken an Ihren Stil und Ihre spezifischen [&hellip;]<\/p>\n","protected":false},"author":1,"featured_media":43103,"parent":0,"menu_order":5,"comment_status":"closed","ping_status":"closed","template":"","meta":{"_monsterinsights_skip_tracking":false,"_monsterinsights_sitenote_active":false,"_monsterinsights_sitenote_note":"","_monsterinsights_sitenote_category":0,"footnotes":""},"class_list":["post-36002","page","type-page","status-publish","has-post-thumbnail","hentry"],"aioseo_notices":[],"_links":{"self":[{"href":"https:\/\/www.padelcreations.com\/de\/wp-json\/wp\/v2\/pages\/36002","targetHints":{"allow":["GET"]}}],"collection":[{"href":"https:\/\/www.padelcreations.com\/de\/wp-json\/wp\/v2\/pages"}],"about":[{"href":"https:\/\/www.padelcreations.com\/de\/wp-json\/wp\/v2\/types\/page"}],"author":[{"embeddable":true,"href":"https:\/\/www.padelcreations.com\/de\/wp-json\/wp\/v2\/users\/1"}],"replies":[{"embeddable":true,"href":"https:\/\/www.padelcreations.com\/de\/wp-json\/wp\/v2\/comments?post=36002"}],"version-history":[{"count":21,"href":"https:\/\/www.padelcreations.com\/de\/wp-json\/wp\/v2\/pages\/36002\/revisions"}],"predecessor-version":[{"id":43105,"href":"https:\/\/www.padelcreations.com\/de\/wp-json\/wp\/v2\/pages\/36002\/revisions\/43105"}],"wp:featuredmedia":[{"embeddable":true,"href":"https:\/\/www.padelcreations.com\/de\/wp-json\/wp\/v2\/media\/43103"}],"wp:attachment":[{"href":"https:\/\/www.padelcreations.com\/de\/wp-json\/wp\/v2\/media?parent=36002"}],"curies":[{"name":"wp","href":"https:\/\/api.w.org\/{rel}","templated":true}]}}